{"id":6140,"date":"2024-05-16T21:46:29","date_gmt":"2024-05-16T19:46:29","guid":{"rendered":"https:\/\/kartingagadir-test.com\/?page_id=6140"},"modified":"2024-06-19T14:36:33","modified_gmt":"2024-06-19T12:36:33","slug":"competition","status":"publish","type":"page","link":"https:\/\/kartingagadir.com\/en\/competition\/","title":{"rendered":"COMPETITION"},"content":{"rendered":"<div data-elementor-type=\"wp-post\" data-elementor-id=\"6140\" class=\"elementor elementor-6140\">\n\t\t\t\t\t\t<section class=\"elementor-section elementor-top-section elementor-element elementor-element-b225e54 elementor-section-boxed elementor-section-height-default elementor-section-height-default\" data-id=\"b225e54\" data-element_type=\"section\">\n\t\t\t\t\t\t<div class=\"elementor-container elementor-column-gap-default\">\n\t\t\t\t\t<div class=\"elementor-column elementor-col-100 elementor-top-column elementor-element elementor-element-ca42837\" data-id=\"ca42837\" data-element_type=\"column\">\n\t\t\t<div class=\"elementor-widget-wrap elementor-element-populated\">\n\t\t\t\t\t\t<div class=\"elementor-element elementor-element-0312e00 animated-fast elementor-invisible elementor-widget elementor-widget-heading\" data-id=\"0312e00\" data-element_type=\"widget\" data-settings=\"{&quot;_animation&quot;:&quot;opal-move-up&quot;}\" data-widget_type=\"heading.default\">\n\t\t\t\t<div class=\"elementor-widget-container\">\n\t\t\t<h2 class=\"elementor-heading-title elementor-size-default\">COMPETITION<\/h2>\t\t<\/div>\n\t\t\t\t<\/div>\n\t\t\t\t\t<\/div>\n\t\t<\/div>\n\t\t\t\t\t<\/div>\n\t\t<\/section>\n\t\t<div class=\"elementor-element elementor-element-e58bda1 e-con-full e-flex e-con e-parent\" data-id=\"e58bda1\" data-element_type=\"container\" data-settings=\"{&quot;background_background&quot;:&quot;classic&quot;}\">\n\t\t<div class=\"elementor-element elementor-element-88be570 e-con-full e-flex e-con e-child\" data-id=\"88be570\" data-element_type=\"container\">\n\t\t\t\t<div class=\"elementor-element elementor-element-6ce35c0 elementor-vertical-align-flex-end elementor-widget elementor-widget-opal-product-categories\" data-id=\"6ce35c0\" data-element_type=\"widget\" data-widget_type=\"opal-product-categories.default\">\n\t\t\t\t<div class=\"elementor-widget-container\">\n\t\t\t\n            <div class=\"product-cats\">\n                <div class=\"cats-image\">\n                                            <img decoding=\"async\" src=\"https:\/\/kartingagadir.com\/wp-content\/uploads\/2024\/05\/COMPETITION-1.jpeg\"\n                             alt=\"COMP\u00c9TITION 4T\">\n                                        <\/div>\n                <div class=\"product-cats-meta\">\n                    <div class=\"cats-title\">\n                        <a href=\"https:\/\/kartingagadir.com\/en\/product-category\/competition-4t\/\"\n                           title=\"SWS COMPETITION\">\n                            SWS COMPETITION                        <\/a>\n                    <\/div>\n                    <div class=\"cats-total\">\n                        0 items                    <\/div>\n                                    <\/div>\n            <\/div>\n\n            \t\t<\/div>\n\t\t\t\t<\/div>\n\t\t\t\t<\/div>\n\t\t<div class=\"elementor-element elementor-element-7767452 e-con-full e-flex e-con e-child\" data-id=\"7767452\" data-element_type=\"container\">\n\t\t\t\t<div class=\"elementor-element elementor-element-aba5596 elementor-vertical-align-flex-end elementor-widget elementor-widget-opal-product-categories\" data-id=\"aba5596\" data-element_type=\"widget\" data-widget_type=\"opal-product-categories.default\">\n\t\t\t\t<div class=\"elementor-widget-container\">\n\t\t\t\n            <div class=\"product-cats\">\n                <div class=\"cats-image\">\n                                            <img decoding=\"async\" src=\"https:\/\/kartingagadir.com\/wp-content\/uploads\/2024\/05\/1-7.jpg\"\n                             alt=\"COMP\u00c9TITION 2T\">\n                                        <\/div>\n                <div class=\"product-cats-meta\">\n                    <div class=\"cats-title\">\n                        <a href=\"https:\/\/kartingagadir.com\/en\/product-category\/competition-2t\/\"\n                           title=\"COMPETITION 2 STROKE\">\n                            COMPETITION 2 STROKE                        <\/a>\n                    <\/div>\n                    <div class=\"cats-total\">\n                        0 items                    <\/div>\n                                    <\/div>\n            <\/div>\n\n            \t\t<\/div>\n\t\t\t\t<\/div>\n\t\t\t\t<\/div>\n\t\t\t\t<\/div>\n\t\t\t\t<\/div>","protected":false},"excerpt":{"rendered":"<p>COMP\u00c9TITION COMP\u00c9TITION 4T 0 items COMP\u00c9TITION 2T 0 items<\/p>","protected":false},"author":1,"featured_media":0,"parent":0,"menu_order":0,"comment_status":"closed","ping_status":"closed","template":"","meta":{"_monsterinsights_skip_tracking":false,"_monsterinsights_sitenote_active":false,"_monsterinsights_sitenote_note":"","_monsterinsights_sitenote_category":0,"footnotes":""},"class_list":["post-6140","page","type-page","status-publish","hentry"],"aioseo_notices":[],"_links":{"self":[{"href":"https:\/\/kartingagadir.com\/en\/wp-json\/wp\/v2\/pages\/6140","targetHints":{"allow":["GET"]}}],"collection":[{"href":"https:\/\/kartingagadir.com\/en\/wp-json\/wp\/v2\/pages"}],"about":[{"href":"https:\/\/kartingagadir.com\/en\/wp-json\/wp\/v2\/types\/page"}],"author":[{"embeddable":true,"href":"https:\/\/kartingagadir.com\/en\/wp-json\/wp\/v2\/users\/1"}],"replies":[{"embeddable":true,"href":"https:\/\/kartingagadir.com\/en\/wp-json\/wp\/v2\/comments?post=6140"}],"version-history":[{"count":11,"href":"https:\/\/kartingagadir.com\/en\/wp-json\/wp\/v2\/pages\/6140\/revisions"}],"predecessor-version":[{"id":7070,"href":"https:\/\/kartingagadir.com\/en\/wp-json\/wp\/v2\/pages\/6140\/revisions\/7070"}],"wp:attachment":[{"href":"https:\/\/kartingagadir.com\/en\/wp-json\/wp\/v2\/media?parent=6140"}],"curies":[{"name":"wp","href":"https:\/\/api.w.org\/{rel}","templated":true}]}}