{"id":6107,"date":"2024-05-16T21:17:06","date_gmt":"2024-05-16T19:17:06","guid":{"rendered":"https:\/\/kartingagadir-test.com\/?page_id=6107"},"modified":"2024-12-01T20:55:01","modified_gmt":"2024-12-01T19:55:01","slug":"nos-partenaires","status":"publish","type":"page","link":"https:\/\/kartingagadir.com\/en\/nos-partenaires\/","title":{"rendered":"OUR PARTNERS"},"content":{"rendered":"<div data-elementor-type=\"wp-post\" data-elementor-id=\"6107\" class=\"elementor elementor-6107\">\n\t\t\t\t<div class=\"elementor-element elementor-element-61a7721 e-con-full e-flex e-con e-parent\" data-id=\"61a7721\" data-element_type=\"container\" data-settings=\"{&quot;background_background&quot;:&quot;classic&quot;}\">\n\t\t\t\t<div class=\"elementor-element elementor-element-d0c375e elementor-widget__width-inherit elementor-hidden-desktop elementor-hidden-tablet elementor-widget elementor-widget-image\" data-id=\"d0c375e\" data-element_type=\"widget\" data-widget_type=\"image.default\">\n\t\t\t\t<div class=\"elementor-widget-container\">\n\t\t\t        <div class=\"elementor-image\">\n                                                <img fetchpriority=\"high\" decoding=\"async\" width=\"1440\" height=\"960\" src=\"https:\/\/kartingagadir.com\/wp-content\/uploads\/2024\/05\/BAN-MOBILE-PARTENAIRES-1.jpeg\" class=\"attachment-full size-full wp-image-6617\" alt=\"\" srcset=\"https:\/\/kartingagadir.com\/wp-content\/uploads\/2024\/05\/BAN-MOBILE-PARTENAIRES-1.jpeg 1440w, https:\/\/kartingagadir.com\/wp-content\/uploads\/2024\/05\/BAN-MOBILE-PARTENAIRES-1-300x200.jpeg 300w, https:\/\/kartingagadir.com\/wp-content\/uploads\/2024\/05\/BAN-MOBILE-PARTENAIRES-1-1024x683.jpeg 1024w, https:\/\/kartingagadir.com\/wp-content\/uploads\/2024\/05\/BAN-MOBILE-PARTENAIRES-1-768x512.jpeg 768w, https:\/\/kartingagadir.com\/wp-content\/uploads\/2024\/05\/BAN-MOBILE-PARTENAIRES-1-400x267.jpeg 400w, https:\/\/kartingagadir.com\/wp-content\/uploads\/2024\/05\/BAN-MOBILE-PARTENAIRES-1-600x400.jpeg 600w\" sizes=\"(max-width: 1440px) 100vw, 1440px\" \/>                                                            <\/div>\n        \t\t<\/div>\n\t\t\t\t<\/div>\n\t\t\t\t<div class=\"elementor-element elementor-element-4b1d528 elementor-widget__width-inherit elementor-hidden-mobile elementor-widget elementor-widget-image\" data-id=\"4b1d528\" data-element_type=\"widget\" data-widget_type=\"image.default\">\n\t\t\t\t<div class=\"elementor-widget-container\">\n\t\t\t        <div class=\"elementor-image\">\n                                                <img decoding=\"async\" width=\"2048\" height=\"803\" src=\"https:\/\/kartingagadir.com\/wp-content\/uploads\/2024\/05\/BANNIERE-PARTENAIRES.jpeg\" class=\"attachment-full size-full wp-image-6122\" alt=\"\" srcset=\"https:\/\/kartingagadir.com\/wp-content\/uploads\/2024\/05\/BANNIERE-PARTENAIRES.jpeg 2048w, https:\/\/kartingagadir.com\/wp-content\/uploads\/2024\/05\/BANNIERE-PARTENAIRES-300x118.jpeg 300w, https:\/\/kartingagadir.com\/wp-content\/uploads\/2024\/05\/BANNIERE-PARTENAIRES-1024x402.jpeg 1024w, https:\/\/kartingagadir.com\/wp-content\/uploads\/2024\/05\/BANNIERE-PARTENAIRES-768x301.jpeg 768w, https:\/\/kartingagadir.com\/wp-content\/uploads\/2024\/05\/BANNIERE-PARTENAIRES-1536x602.jpeg 1536w, https:\/\/kartingagadir.com\/wp-content\/uploads\/2024\/05\/BANNIERE-PARTENAIRES-400x157.jpeg 400w, https:\/\/kartingagadir.com\/wp-content\/uploads\/2024\/05\/BANNIERE-PARTENAIRES-600x235.jpeg 600w\" sizes=\"(max-width: 2048px) 100vw, 2048px\" \/>                                                            <\/div>\n        \t\t<\/div>\n\t\t\t\t<\/div>\n\t\t\t\t<\/div>\n\t\t\t\t<section class=\"elementor-section elementor-top-section elementor-element elementor-element-b225e54 elementor-section-boxed elementor-section-height-default elementor-section-height-default\" data-id=\"b225e54\" data-element_type=\"section\">\n\t\t\t\t\t\t<div class=\"elementor-container elementor-column-gap-default\">\n\t\t\t\t\t<div class=\"elementor-column elementor-col-100 elementor-top-column elementor-element elementor-element-ca42837\" data-id=\"ca42837\" data-element_type=\"column\">\n\t\t\t<div class=\"elementor-widget-wrap elementor-element-populated\">\n\t\t\t\t\t\t<div class=\"elementor-element elementor-element-0312e00 animated-fast elementor-invisible elementor-widget elementor-widget-heading\" data-id=\"0312e00\" data-element_type=\"widget\" data-settings=\"{&quot;_animation&quot;:&quot;opal-move-up&quot;}\" data-widget_type=\"heading.default\">\n\t\t\t\t<div class=\"elementor-widget-container\">\n\t\t\t<h2 class=\"elementor-heading-title elementor-size-default\">OUR PARTNERS<\/h2>\t\t<\/div>\n\t\t\t\t<\/div>\n\t\t\t\t\t<\/div>\n\t\t<\/div>\n\t\t\t\t\t<\/div>\n\t\t<\/section>\n\t\t<div class=\"elementor-element elementor-element-e26ee99 e-flex e-con-boxed e-con e-parent\" data-id=\"e26ee99\" data-element_type=\"container\">\n\t\t\t\t\t<div class=\"e-con-inner\">\n\t\t<div class=\"elementor-element elementor-element-f81d4eb e-con-full e-flex e-con e-child\" data-id=\"f81d4eb\" data-element_type=\"container\">\n\t\t\t\t<div class=\"elementor-element elementor-element-f84a49c elementor-widget elementor-widget-image\" data-id=\"f84a49c\" data-element_type=\"widget\" data-widget_type=\"image.default\">\n\t\t\t\t<div class=\"elementor-widget-container\">\n\t\t\t        <div class=\"elementor-image\">\n                                                <img decoding=\"async\" width=\"500\" height=\"333\" src=\"https:\/\/kartingagadir.com\/wp-content\/uploads\/2024\/05\/more-about-the-sws.jpeg\" class=\"attachment-large size-large wp-image-5947\" alt=\"\" srcset=\"https:\/\/kartingagadir.com\/wp-content\/uploads\/2024\/05\/more-about-the-sws.jpeg 500w, https:\/\/kartingagadir.com\/wp-content\/uploads\/2024\/05\/more-about-the-sws-300x200.jpeg 300w, https:\/\/kartingagadir.com\/wp-content\/uploads\/2024\/05\/more-about-the-sws-400x266.jpeg 400w\" sizes=\"(max-width: 500px) 100vw, 500px\" \/>                                                            <\/div>\n        \t\t<\/div>\n\t\t\t\t<\/div>\n\t\t\t\t<\/div>\n\t\t<div class=\"elementor-element elementor-element-0330740 e-con-full e-flex e-con e-child\" data-id=\"0330740\" data-element_type=\"container\">\n\t\t\t\t<div class=\"elementor-element elementor-element-f5e04de elementor-widget elementor-widget-heading\" data-id=\"f5e04de\" data-element_type=\"widget\" data-widget_type=\"heading.default\">\n\t\t\t\t<div class=\"elementor-widget-container\">\n\t\t\t<h2 class=\"elementor-heading-title elementor-size-default\">\nKARTING AGADIR: AN AFFILIATED TRACK WITH SODI WORLD SERIES<\/h2>\t\t<\/div>\n\t\t\t\t<\/div>\n\t\t\t\t<div class=\"elementor-element elementor-element-2f2d01a elementor-widget elementor-widget-text-editor\" data-id=\"2f2d01a\" data-element_type=\"widget\" data-widget_type=\"text-editor.default\">\n\t\t\t\t<div class=\"elementor-widget-container\">\n\t\t\t\t\t<div class=\"elementor-text-editor elementor-clearfix\"><p class=\" translation-block\">As an affiliated track with the Sodi World Series, Karting Agadir is committed to providing its drivers with an exceptional racing experience. We are honored to be part of this global network that brings together karting enthusiasts for high-level competitions and thrilling events. This affiliation demonstrates our dedication to offering our drivers a safe, challenging, and professional racing environment. We work closely with Sodi to ensure that our track meets the highest standards of safety and equipment quality.<\/p><\/div>\n\t\t\t\t<\/div>\n\t\t\t\t<\/div>\n\t\t\t\t<div class=\"elementor-element elementor-element-451f0f4 elementor-align-center elementor-widget elementor-widget-button\" data-id=\"451f0f4\" data-element_type=\"widget\" data-widget_type=\"button.default\">\n\t\t\t\t<div class=\"elementor-widget-container\">\n\t\t\t\t\t\t\t<div class=\"elementor-button-wrapper\">\n\t\t\t\t\t<a class=\"elementor-button elementor-button-link elementor-size-sm\" href=\"https:\/\/www.sodiwseries.com\/fr-fr\/tracks\/karting-d-agadir-488.html\">\n\t\t\t\t\t\t<span class=\"elementor-button-content-wrapper\">\n\t\t\t\t\t\t\t\t\t<span class=\"elementor-button-text\">LEARN MORE<\/span>\n\t\t\t\t\t<\/span>\n\t\t\t\t\t<\/a>\n\t\t\t\t<\/div>\n\t\t\t\t\t\t<\/div>\n\t\t\t\t<\/div>\n\t\t\t\t<\/div>\n\t\t\t\t\t<\/div>\n\t\t\t\t<\/div>\n\t\t<div class=\"elementor-element elementor-element-f47ec15 e-flex e-con-boxed e-con e-parent\" data-id=\"f47ec15\" data-element_type=\"container\">\n\t\t\t\t\t<div class=\"e-con-inner\">\n\t\t<div class=\"elementor-element elementor-element-1dce983 e-con-full e-flex e-con e-child\" data-id=\"1dce983\" data-element_type=\"container\">\n\t\t\t\t<div class=\"elementor-element elementor-element-e0eb10b elementor-widget elementor-widget-heading\" data-id=\"e0eb10b\" data-element_type=\"widget\" data-widget_type=\"heading.default\">\n\t\t\t\t<div class=\"elementor-widget-container\">\n\t\t\t<h2 class=\"elementor-heading-title elementor-size-default\">\nKARTING AGADIR AND VOLKSWAGEN: AN ALLIANCE FOR EXCELLENCE<\/h2>\t\t<\/div>\n\t\t\t\t<\/div>\n\t\t\t\t<div class=\"elementor-element elementor-element-16d8654 elementor-widget elementor-widget-text-editor\" data-id=\"16d8654\" data-element_type=\"widget\" data-widget_type=\"text-editor.default\">\n\t\t\t\t<div class=\"elementor-widget-container\">\n\t\t\t\t\t<div class=\"elementor-text-editor elementor-clearfix\"><p><span style=\"caret-color: #000000; color: #444444; font-family: Inter, sans-serif; font-size: 16px; text-size-adjust: auto;\">We are proud to announce a dynamic collaboration between Karting Agadir and Volkswagen Morocco, two iconic brands united by a passion for innovation, performance, and driving pleasure. This strategic partnership combines the expertise and strong reputation of Karting Agadir as a premier destination for motorsport enthusiasts with Volkswagen's global renown as a leading automotive manufacturer. By joining forces, we aim to provide our customers with an unparalleled experience, blending the power and precision of Volkswagen vehicles with the adrenaline and competition of karting.<\/span><\/p><\/div>\n\t\t\t\t<\/div>\n\t\t\t\t<\/div>\n\t\t\t\t<\/div>\n\t\t<div class=\"elementor-element elementor-element-a889f3f e-con-full e-flex e-con e-child\" data-id=\"a889f3f\" data-element_type=\"container\">\n\t\t\t\t<div class=\"elementor-element elementor-element-a967a3e elementor-widget elementor-widget-image\" data-id=\"a967a3e\" data-element_type=\"widget\" data-widget_type=\"image.default\">\n\t\t\t\t<div class=\"elementor-widget-container\">\n\t\t\t        <div class=\"elementor-image\">\n                                                <img loading=\"lazy\" decoding=\"async\" width=\"600\" height=\"400\" src=\"https:\/\/kartingagadir.com\/wp-content\/uploads\/2024\/05\/VW-1024x683.jpeg\" class=\"attachment-large size-large wp-image-6115\" alt=\"\" srcset=\"https:\/\/kartingagadir.com\/wp-content\/uploads\/2024\/05\/VW-1024x683.jpeg 1024w, https:\/\/kartingagadir.com\/wp-content\/uploads\/2024\/05\/VW-300x200.jpeg 300w, https:\/\/kartingagadir.com\/wp-content\/uploads\/2024\/05\/VW-768x512.jpeg 768w, https:\/\/kartingagadir.com\/wp-content\/uploads\/2024\/05\/VW-1536x1024.jpeg 1536w, https:\/\/kartingagadir.com\/wp-content\/uploads\/2024\/05\/VW-400x267.jpeg 400w, https:\/\/kartingagadir.com\/wp-content\/uploads\/2024\/05\/VW-600x400.jpeg 600w, https:\/\/kartingagadir.com\/wp-content\/uploads\/2024\/05\/VW.jpeg 2048w\" sizes=\"(max-width: 600px) 100vw, 600px\" \/>                                                            <\/div>\n        \t\t<\/div>\n\t\t\t\t<\/div>\n\t\t\t\t<\/div>\n\t\t\t\t\t<\/div>\n\t\t\t\t<\/div>\n\t\t<div class=\"elementor-element elementor-element-00acff1 e-flex e-con-boxed e-con e-parent\" data-id=\"00acff1\" data-element_type=\"container\">\n\t\t\t\t\t<div class=\"e-con-inner\">\n\t\t<div class=\"elementor-element elementor-element-a385456 e-con-full e-flex e-con e-child\" data-id=\"a385456\" data-element_type=\"container\">\n\t\t\t\t<div class=\"elementor-element elementor-element-8bd4c85 elementor-widget elementor-widget-image\" data-id=\"8bd4c85\" data-element_type=\"widget\" data-widget_type=\"image.default\">\n\t\t\t\t<div class=\"elementor-widget-container\">\n\t\t\t        <div class=\"elementor-image\">\n                                                <img loading=\"lazy\" decoding=\"async\" width=\"600\" height=\"400\" src=\"https:\/\/kartingagadir.com\/wp-content\/uploads\/2024\/05\/2-24-1024x683.jpeg\" class=\"attachment-large size-large wp-image-6123\" alt=\"\" srcset=\"https:\/\/kartingagadir.com\/wp-content\/uploads\/2024\/05\/2-24-1024x683.jpeg 1024w, https:\/\/kartingagadir.com\/wp-content\/uploads\/2024\/05\/2-24-300x200.jpeg 300w, https:\/\/kartingagadir.com\/wp-content\/uploads\/2024\/05\/2-24-768x512.jpeg 768w, https:\/\/kartingagadir.com\/wp-content\/uploads\/2024\/05\/2-24-1536x1024.jpeg 1536w, https:\/\/kartingagadir.com\/wp-content\/uploads\/2024\/05\/2-24-400x267.jpeg 400w, https:\/\/kartingagadir.com\/wp-content\/uploads\/2024\/05\/2-24-600x400.jpeg 600w, https:\/\/kartingagadir.com\/wp-content\/uploads\/2024\/05\/2-24.jpeg 2048w\" sizes=\"(max-width: 600px) 100vw, 600px\" \/>                                                            <\/div>\n        \t\t<\/div>\n\t\t\t\t<\/div>\n\t\t\t\t<\/div>\n\t\t<div class=\"elementor-element elementor-element-6559b29 e-con-full e-flex e-con e-child\" data-id=\"6559b29\" data-element_type=\"container\">\n\t\t\t\t<div class=\"elementor-element elementor-element-909a56f elementor-widget elementor-widget-heading\" data-id=\"909a56f\" data-element_type=\"widget\" data-widget_type=\"heading.default\">\n\t\t\t\t<div class=\"elementor-widget-container\">\n\t\t\t<h2 class=\"elementor-heading-title elementor-size-default\">KARTING AGADIR AND SODI: A HISTORIC COLLABORATION IN MOTORSPORT<\/h2>\t\t<\/div>\n\t\t\t\t<\/div>\n\t\t\t\t<div class=\"elementor-element elementor-element-d4874c4 elementor-widget elementor-widget-text-editor\" data-id=\"d4874c4\" data-element_type=\"widget\" data-widget_type=\"text-editor.default\">\n\t\t\t\t<div class=\"elementor-widget-container\">\n\t\t\t\t\t<div class=\"elementor-text-editor elementor-clearfix\"><p><span style=\"caret-color: #000000; color: #444444; font-family: Inter, sans-serif; font-size: 16px; text-size-adjust: auto;\">Since its inception, Karting Agadir has been committed to providing a premier karting experience to its customers, blending passion, technology, and safety. In our pursuit of excellence, we have been fortunate to partner with an exceptional ally: Sodi. Karting Agadir is proud to be a Sodi track, integrated into the prestigious Sodi World Series affiliated network. This partnership underscores our commitment to the highest standards in the karting industry and our constant desire to deliver unforgettable experiences to our drivers, whether they are novices or seasoned professionals.<\/span><\/p><\/div>\n\t\t\t\t<\/div>\n\t\t\t\t<\/div>\n\t\t\t\t<\/div>\n\t\t\t\t\t<\/div>\n\t\t\t\t<\/div>\n\t\t<div class=\"elementor-element elementor-element-ac3a34d e-flex e-con-boxed e-con e-parent\" data-id=\"ac3a34d\" data-element_type=\"container\">\n\t\t\t\t\t<div class=\"e-con-inner\">\n\t\t<div class=\"elementor-element elementor-element-b7f54fc e-con-full e-flex e-con e-child\" data-id=\"b7f54fc\" data-element_type=\"container\">\n\t\t\t\t<div class=\"elementor-element elementor-element-957bb31 elementor-widget elementor-widget-heading\" data-id=\"957bb31\" data-element_type=\"widget\" data-widget_type=\"heading.default\">\n\t\t\t\t<div class=\"elementor-widget-container\">\n\t\t\t<h2 class=\"elementor-heading-title elementor-size-default\">\nLE KARTING AGADIR ET HESPA : UNE COLLABORATION AU SERVICE DE LA PERFORMANCE<\/h2>\t\t<\/div>\n\t\t\t\t<\/div>\n\t\t\t\t<div class=\"elementor-element elementor-element-e71a098 elementor-widget elementor-widget-text-editor\" data-id=\"e71a098\" data-element_type=\"widget\" data-widget_type=\"text-editor.default\">\n\t\t\t\t<div class=\"elementor-widget-container\">\n\t\t\t\t\t<div class=\"elementor-text-editor elementor-clearfix\"><p>Le Karting Agadir est fier de collaborer avec HESPA, une \u00e9cole de r\u00e9f\u00e9rence \u00e0 Agadir, et CPS (Centre Physio et Sport), pour offrir un soutien unique aux pilotes de comp\u00e9tition des 24H d\u2019Agadir. Gr\u00e2ce \u00e0 ce partenariat, un service de kin\u00e9sith\u00e9rapie sp\u00e9cialis\u00e9 est mis \u00e0 disposition pour garantir la pr\u00e9paration physique et la r\u00e9cup\u00e9ration optimale des comp\u00e9titeurs. Cette alliance entre l\u2019expertise acad\u00e9mique de HESPA, les soins sp\u00e9cialis\u00e9s de CPS, et l\u2019engagement du Karting Agadir pour l\u2019excellence sportive, refl\u00e8te notre volont\u00e9 commune d\u2019accompagner les pilotes vers des performances de haut niveau tout en priorisant leur bien-\u00eatre.<\/p><\/div>\n\t\t\t\t<\/div>\n\t\t\t\t<\/div>\n\t\t\t\t<\/div>\n\t\t<div class=\"elementor-element elementor-element-3109c48 e-con-full e-flex e-con e-child\" data-id=\"3109c48\" data-element_type=\"container\">\n\t\t\t\t<div class=\"elementor-element elementor-element-033fffa elementor-widget elementor-widget-image\" data-id=\"033fffa\" data-element_type=\"widget\" data-widget_type=\"image.default\">\n\t\t\t\t<div class=\"elementor-widget-container\">\n\t\t\t        <div class=\"elementor-image\">\n                                                <img loading=\"lazy\" decoding=\"async\" width=\"600\" height=\"390\" src=\"https:\/\/kartingagadir.com\/wp-content\/uploads\/2024\/12\/Design-sans-titre-16.png\" class=\"attachment-large size-large wp-image-6936\" alt=\"\" srcset=\"https:\/\/kartingagadir.com\/wp-content\/uploads\/2024\/12\/Design-sans-titre-16.png 1004w, https:\/\/kartingagadir.com\/wp-content\/uploads\/2024\/12\/Design-sans-titre-16-300x195.png 300w, https:\/\/kartingagadir.com\/wp-content\/uploads\/2024\/12\/Design-sans-titre-16-768x499.png 768w, https:\/\/kartingagadir.com\/wp-content\/uploads\/2024\/12\/Design-sans-titre-16-18x12.png 18w, https:\/\/kartingagadir.com\/wp-content\/uploads\/2024\/12\/Design-sans-titre-16-600x390.png 600w, https:\/\/kartingagadir.com\/wp-content\/uploads\/2024\/12\/Design-sans-titre-16-400x260.png 400w\" sizes=\"(max-width: 600px) 100vw, 600px\" \/>                                                            <\/div>\n        \t\t<\/div>\n\t\t\t\t<\/div>\n\t\t\t\t<\/div>\n\t\t\t\t\t<\/div>\n\t\t\t\t<\/div>\n\t\t<div class=\"elementor-element elementor-element-439a526 e-flex e-con-boxed e-con e-parent\" data-id=\"439a526\" data-element_type=\"container\">\n\t\t\t\t\t<div class=\"e-con-inner\">\n\t\t<div class=\"elementor-element elementor-element-820769b e-flex e-con-boxed e-con e-child\" data-id=\"820769b\" data-element_type=\"container\">\n\t\t\t\t\t<div class=\"e-con-inner\">\n\t\t\t\t<div class=\"elementor-element elementor-element-d85c6c3 elementor-widget elementor-widget-image\" data-id=\"d85c6c3\" data-element_type=\"widget\" data-widget_type=\"image.default\">\n\t\t\t\t<div class=\"elementor-widget-container\">\n\t\t\t        <div class=\"elementor-image\">\n                                                <img loading=\"lazy\" decoding=\"async\" width=\"7\" height=\"126\" src=\"https:\/\/kartingagadir.com\/wp-content\/uploads\/2024\/05\/separateur.png\" class=\"attachment-large size-large wp-image-5026\" alt=\"\" \/>                                                            <\/div>\n        \t\t<\/div>\n\t\t\t\t<\/div>\n\t\t\t\t\t<\/div>\n\t\t\t\t<\/div>\n\t\t\t\t\t<\/div>\n\t\t\t\t<\/div>\n\t\t<div class=\"elementor-element elementor-element-9d53f21 e-flex e-con-boxed e-con e-parent\" data-id=\"9d53f21\" data-element_type=\"container\">\n\t\t\t\t\t<div class=\"e-con-inner\">\n\t\t<div class=\"elementor-element elementor-element-5ca9495 e-flex e-con-boxed e-con e-child\" data-id=\"5ca9495\" data-element_type=\"container\">\n\t\t\t\t\t<div class=\"e-con-inner\">\n\t\t\t\t<div class=\"elementor-element elementor-element-b59f450 elementor-widget elementor-widget-heading\" data-id=\"b59f450\" data-element_type=\"widget\" data-widget_type=\"heading.default\">\n\t\t\t\t<div class=\"elementor-widget-container\">\n\t\t\t<h2 class=\"elementor-heading-title elementor-size-default\">JOIN US !<\/h2>\t\t<\/div>\n\t\t\t\t<\/div>\n\t\t\t\t\t<\/div>\n\t\t\t\t<\/div>\n\t\t\t\t\t<\/div>\n\t\t\t\t<\/div>\n\t\t<div class=\"elementor-element elementor-element-c154be5 e-flex e-con-boxed e-con e-parent\" data-id=\"c154be5\" data-element_type=\"container\">\n\t\t\t\t\t<div class=\"e-con-inner\">\n\t\t<div class=\"elementor-element elementor-element-ad21683 e-flex e-con-boxed e-con e-child\" data-id=\"ad21683\" data-element_type=\"container\">\n\t\t\t\t\t<div class=\"e-con-inner\">\n\t\t\t\t<div class=\"elementor-element elementor-element-7127735 elementor-widget elementor-widget-google_maps\" data-id=\"7127735\" data-element_type=\"widget\" data-widget_type=\"google_maps.default\">\n\t\t\t\t<div class=\"elementor-widget-container\">\n\t\t\t\t\t<div class=\"elementor-custom-embed\">\n\t\t\t<iframe loading=\"lazy\"\n\t\t\t\t\tsrc=\"https:\/\/maps.google.com\/maps?q=karting%20agadir&#038;t=m&#038;z=14&#038;output=embed&#038;iwloc=near\"\n\t\t\t\t\ttitle=\"karting agadir\"\n\t\t\t\t\taria-label=\"karting agadir\"\n\t\t\t><\/iframe>\n\t\t<\/div>\n\t\t\t\t<\/div>\n\t\t\t\t<\/div>\n\t\t\t\t\t<\/div>\n\t\t\t\t<\/div>\n\t\t\t\t\t<\/div>\n\t\t\t\t<\/div>\n\t\t\t\t<\/div>","protected":false},"excerpt":{"rendered":"<p>NOS PARTENAIRES KARTING AGADIR : UNE PISTE AFFILI\u00c9E AUX SODI WORLD SERIES En tant que piste affili\u00e9e aux Sodi World Series, le Karting Agadir s\u2019engage \u00e0 offrir \u00e0 ses pilotes une exp\u00e9rience de course exceptionnelle. Nous sommes honor\u00e9s de faire partie de ce r\u00e9seau mondial qui r\u00e9unit les passionn\u00e9s de karting autour de comp\u00e9titions de &hellip; <\/p>\n<p class=\"link-more\"><a href=\"https:\/\/kartingagadir.com\/en\/nos-partenaires\/\" class=\"more-link\">Read More <span class=\"screen-reader-text\"> \u00ab\u00a0NOS PARTENAIRES\u00a0\u00bb<\/span><\/a><\/p>","protected":false},"author":1,"featured_media":0,"parent":0,"menu_order":0,"comment_status":"closed","ping_status":"closed","template":"","meta":{"_monsterinsights_skip_tracking":false,"_monsterinsights_sitenote_active":false,"_monsterinsights_sitenote_note":"","_monsterinsights_sitenote_category":0,"footnotes":""},"class_list":["post-6107","page","type-page","status-publish","hentry"],"aioseo_notices":[],"_links":{"self":[{"href":"https:\/\/kartingagadir.com\/en\/wp-json\/wp\/v2\/pages\/6107","targetHints":{"allow":["GET"]}}],"collection":[{"href":"https:\/\/kartingagadir.com\/en\/wp-json\/wp\/v2\/pages"}],"about":[{"href":"https:\/\/kartingagadir.com\/en\/wp-json\/wp\/v2\/types\/page"}],"author":[{"embeddable":true,"href":"https:\/\/kartingagadir.com\/en\/wp-json\/wp\/v2\/users\/1"}],"replies":[{"embeddable":true,"href":"https:\/\/kartingagadir.com\/en\/wp-json\/wp\/v2\/comments?post=6107"}],"version-history":[{"count":34,"href":"https:\/\/kartingagadir.com\/en\/wp-json\/wp\/v2\/pages\/6107\/revisions"}],"predecessor-version":[{"id":6939,"href":"https:\/\/kartingagadir.com\/en\/wp-json\/wp\/v2\/pages\/6107\/revisions\/6939"}],"wp:attachment":[{"href":"https:\/\/kartingagadir.com\/en\/wp-json\/wp\/v2\/media?parent=6107"}],"curies":[{"name":"wp","href":"https:\/\/api.w.org\/{rel}","templated":true}]}}