{"id":5879,"date":"2024-05-16T11:49:01","date_gmt":"2024-05-16T09:49:01","guid":{"rendered":"https:\/\/kartingagadir-test.com\/?page_id=5879"},"modified":"2026-01-02T11:39:31","modified_gmt":"2026-01-02T10:39:31","slug":"motos-quads","status":"publish","type":"page","link":"https:\/\/kartingagadir.com\/en\/motos-quads\/","title":{"rendered":"Motos &#038; Quads"},"content":{"rendered":"<div data-elementor-type=\"wp-post\" data-elementor-id=\"5879\" class=\"elementor elementor-5879\">\n\t\t\t\t<div class=\"elementor-element elementor-element-61a7721 e-con-full e-flex e-con e-parent\" data-id=\"61a7721\" data-element_type=\"container\" data-settings=\"{&quot;background_background&quot;:&quot;classic&quot;}\">\n\t\t\t\t<div class=\"elementor-element elementor-element-d0c375e elementor-widget__width-inherit elementor-widget elementor-widget-image\" data-id=\"d0c375e\" data-element_type=\"widget\" data-widget_type=\"image.default\">\n\t\t\t\t<div class=\"elementor-widget-container\">\n\t\t\t        <div class=\"elementor-image\">\n                                                <img fetchpriority=\"high\" decoding=\"async\" width=\"851\" height=\"315\" src=\"https:\/\/kartingagadir.com\/wp-content\/uploads\/2026\/01\/Motos-et-Quads.jpg\" class=\"attachment-full size-full wp-image-7092\" alt=\"\" srcset=\"https:\/\/kartingagadir.com\/wp-content\/uploads\/2026\/01\/Motos-et-Quads.jpg 851w, https:\/\/kartingagadir.com\/wp-content\/uploads\/2026\/01\/Motos-et-Quads-300x111.jpg 300w, https:\/\/kartingagadir.com\/wp-content\/uploads\/2026\/01\/Motos-et-Quads-768x284.jpg 768w, https:\/\/kartingagadir.com\/wp-content\/uploads\/2026\/01\/Motos-et-Quads-18x7.jpg 18w, https:\/\/kartingagadir.com\/wp-content\/uploads\/2026\/01\/Motos-et-Quads-400x148.jpg 400w, https:\/\/kartingagadir.com\/wp-content\/uploads\/2026\/01\/Motos-et-Quads-600x222.jpg 600w\" sizes=\"(max-width: 851px) 100vw, 851px\" \/>                                                            <\/div>\n        \t\t<\/div>\n\t\t\t\t<\/div>\n\t\t\t\t<\/div>\n\t\t\t\t<section class=\"elementor-section elementor-top-section elementor-element elementor-element-b225e54 elementor-section-boxed elementor-section-height-default elementor-section-height-default\" data-id=\"b225e54\" data-element_type=\"section\">\n\t\t\t\t\t\t<div class=\"elementor-container elementor-column-gap-default\">\n\t\t\t\t\t<div class=\"elementor-column elementor-col-100 elementor-top-column elementor-element elementor-element-ca42837\" data-id=\"ca42837\" data-element_type=\"column\">\n\t\t\t<div class=\"elementor-widget-wrap elementor-element-populated\">\n\t\t\t\t\t\t<div class=\"elementor-element elementor-element-0312e00 animated-fast elementor-invisible elementor-widget elementor-widget-heading\" data-id=\"0312e00\" data-element_type=\"widget\" data-settings=\"{&quot;_animation&quot;:&quot;opal-move-up&quot;}\" data-widget_type=\"heading.default\">\n\t\t\t\t<div class=\"elementor-widget-container\">\n\t\t\t<h2 class=\"elementor-heading-title elementor-size-default\">BIKES &amp; QUADS<\/h2>\t\t<\/div>\n\t\t\t\t<\/div>\n\t\t\t\t\t<\/div>\n\t\t<\/div>\n\t\t\t\t\t<\/div>\n\t\t<\/section>\n\t\t<div class=\"elementor-element elementor-element-29e2d09 e-flex e-con-boxed e-con e-parent\" data-id=\"29e2d09\" data-element_type=\"container\">\n\t\t\t\t\t<div class=\"e-con-inner\">\n\t\t<div class=\"elementor-element elementor-element-6963888 e-flex e-con-boxed e-con e-child\" data-id=\"6963888\" data-element_type=\"container\">\n\t\t\t\t\t<div class=\"e-con-inner\">\n\t\t\t\t<div class=\"elementor-element elementor-element-47de2a0 elementor-widget elementor-widget-image\" data-id=\"47de2a0\" data-element_type=\"widget\" data-widget_type=\"image.default\">\n\t\t\t\t<div class=\"elementor-widget-container\">\n\t\t\t        <div class=\"elementor-image\">\n                                                <img decoding=\"async\" width=\"7\" height=\"126\" src=\"https:\/\/kartingagadir.com\/wp-content\/uploads\/2024\/05\/separateur.png\" class=\"attachment-large size-large wp-image-5026\" alt=\"\" \/>                                                            <\/div>\n        \t\t<\/div>\n\t\t\t\t<\/div>\n\t\t\t\t\t<\/div>\n\t\t\t\t<\/div>\n\t\t\t\t\t<\/div>\n\t\t\t\t<\/div>\n\t\t<div class=\"elementor-element elementor-element-f2589d3 elementor-hidden-mobile e-flex e-con-boxed e-con e-parent\" data-id=\"f2589d3\" data-element_type=\"container\" data-settings=\"{&quot;background_background&quot;:&quot;classic&quot;}\">\n\t\t\t\t\t<div class=\"e-con-inner\">\n\t\t<div class=\"elementor-element elementor-element-f585c4b e-con-full e-flex e-con e-child\" data-id=\"f585c4b\" data-element_type=\"container\">\n\t\t\t\t<div class=\"elementor-element elementor-element-6aae605 elementor-widget elementor-widget-heading\" data-id=\"6aae605\" data-element_type=\"widget\" data-widget_type=\"heading.default\">\n\t\t\t\t<div class=\"elementor-widget-container\">\n\t\t\t<h2 class=\"elementor-heading-title elementor-size-default\">YAMAHA PW-50<\/h2>\t\t<\/div>\n\t\t\t\t<\/div>\n\t\t\t\t<div class=\"elementor-element elementor-element-b2c74e8 elementor-widget elementor-widget-text-editor\" data-id=\"b2c74e8\" data-element_type=\"widget\" data-widget_type=\"text-editor.default\">\n\t\t\t\t<div class=\"elementor-widget-container\">\n\t\t\t\t\t<div class=\"elementor-text-editor elementor-clearfix\"><p class=\" translation-block\">Welcome to the thrilling world of children's mini-motorcycles at Karting Agadir! For young aspiring riders, we offer a unique experience on our Yamaha PW50s, specially designed to safely introduce children to the thrill of motorcycling. Our mini-motorcycles provide the perfect opportunity for youngsters to discover the joys of riding in a secure and supervised environment. With their maneuverability tailored for young riders, our mini-motorcycles allow children to confidently take their first laps on the track.<\/p><\/div>\n\t\t\t\t<\/div>\n\t\t\t\t<\/div>\n\t\t\t\t<div class=\"elementor-element elementor-element-a8da2ce elementor-align-center elementor-widget elementor-widget-button\" data-id=\"a8da2ce\" data-element_type=\"widget\" data-widget_type=\"button.default\">\n\t\t\t\t<div class=\"elementor-widget-container\">\n\t\t\t\t\t\t\t<div class=\"elementor-button-wrapper\">\n\t\t\t\t\t<a class=\"elementor-button elementor-button-link elementor-size-sm\" href=\"https:\/\/kartingagadir.com\/en\/contact-us\/\">\n\t\t\t\t\t\t<span class=\"elementor-button-content-wrapper\">\n\t\t\t\t\t\t\t\t\t<span class=\"elementor-button-text\">LEARN MORE<\/span>\n\t\t\t\t\t<\/span>\n\t\t\t\t\t<\/a>\n\t\t\t\t<\/div>\n\t\t\t\t\t\t<\/div>\n\t\t\t\t<\/div>\n\t\t\t\t<\/div>\n\t\t<div class=\"elementor-element elementor-element-7ee92f0 e-con-full e-flex e-con e-child\" data-id=\"7ee92f0\" data-element_type=\"container\">\n\t\t\t\t<div class=\"elementor-element elementor-element-4535d31 elementor-widget elementor-widget-image\" data-id=\"4535d31\" data-element_type=\"widget\" data-widget_type=\"image.default\">\n\t\t\t\t<div class=\"elementor-widget-container\">\n\t\t\t        <div class=\"elementor-image\">\n                                                <img decoding=\"async\" width=\"600\" height=\"600\" src=\"https:\/\/kartingagadir.com\/wp-content\/uploads\/2024\/05\/2-768x768.jpeg\" class=\"attachment-medium_large size-medium_large wp-image-5885\" alt=\"\" srcset=\"https:\/\/kartingagadir.com\/wp-content\/uploads\/2024\/05\/2-768x768.jpeg 768w, https:\/\/kartingagadir.com\/wp-content\/uploads\/2024\/05\/2-300x300.jpeg 300w, https:\/\/kartingagadir.com\/wp-content\/uploads\/2024\/05\/2-1024x1024.jpeg 1024w, https:\/\/kartingagadir.com\/wp-content\/uploads\/2024\/05\/2-150x150.jpeg 150w, https:\/\/kartingagadir.com\/wp-content\/uploads\/2024\/05\/2-400x400.jpeg 400w, https:\/\/kartingagadir.com\/wp-content\/uploads\/2024\/05\/2-100x100.jpeg 100w, https:\/\/kartingagadir.com\/wp-content\/uploads\/2024\/05\/2-600x600.jpeg 600w, https:\/\/kartingagadir.com\/wp-content\/uploads\/2024\/05\/2.jpeg 1080w\" sizes=\"(max-width: 600px) 100vw, 600px\" \/>                                                            <\/div>\n        \t\t<\/div>\n\t\t\t\t<\/div>\n\t\t\t\t<\/div>\n\t\t\t\t\t<\/div>\n\t\t\t\t<\/div>\n\t\t<div class=\"elementor-element elementor-element-8bad1cf elementor-hidden-desktop elementor-hidden-tablet e-flex e-con-boxed e-con e-parent\" data-id=\"8bad1cf\" data-element_type=\"container\" data-settings=\"{&quot;background_background&quot;:&quot;classic&quot;}\">\n\t\t\t\t\t<div class=\"e-con-inner\">\n\t\t<div class=\"elementor-element elementor-element-eb40b59 e-con-full e-flex e-con e-child\" data-id=\"eb40b59\" data-element_type=\"container\">\n\t\t\t\t<div class=\"elementor-element elementor-element-46e5864 elementor-widget elementor-widget-heading\" data-id=\"46e5864\" data-element_type=\"widget\" data-widget_type=\"heading.default\">\n\t\t\t\t<div class=\"elementor-widget-container\">\n\t\t\t<h2 class=\"elementor-heading-title elementor-size-default\">YAMAHA PW-50<\/h2>\t\t<\/div>\n\t\t\t\t<\/div>\n\t\t\t\t<div class=\"elementor-element elementor-element-0214315 elementor-widget elementor-widget-text-editor\" data-id=\"0214315\" data-element_type=\"widget\" data-widget_type=\"text-editor.default\">\n\t\t\t\t<div class=\"elementor-widget-container\">\n\t\t\t\t\t<div class=\"elementor-text-editor elementor-clearfix\"><p class=\" translation-block\">Welcome to the thrilling world of children's mini-motorcycles at Karting Agadir! For young aspiring riders, we offer a unique experience on our Yamaha PW50s, specially designed to safely introduce children to the thrill of motorcycling. Our mini-motorcycles provide the perfect opportunity for youngsters to discover the joys of riding in a secure and supervised environment. With their maneuverability tailored for young riders, our mini-motorcycles allow children to confidently take their first laps on the track.<\/p><\/div>\n\t\t\t\t<\/div>\n\t\t\t\t<\/div>\n\t\t\t\t<div class=\"elementor-element elementor-element-b14bd81 elementor-widget elementor-widget-image\" data-id=\"b14bd81\" data-element_type=\"widget\" data-widget_type=\"image.default\">\n\t\t\t\t<div class=\"elementor-widget-container\">\n\t\t\t        <div class=\"elementor-image\">\n                                                <img decoding=\"async\" width=\"600\" height=\"600\" src=\"https:\/\/kartingagadir.com\/wp-content\/uploads\/2024\/05\/2-768x768.jpeg\" class=\"attachment-medium_large size-medium_large wp-image-5885\" alt=\"\" srcset=\"https:\/\/kartingagadir.com\/wp-content\/uploads\/2024\/05\/2-768x768.jpeg 768w, https:\/\/kartingagadir.com\/wp-content\/uploads\/2024\/05\/2-300x300.jpeg 300w, https:\/\/kartingagadir.com\/wp-content\/uploads\/2024\/05\/2-1024x1024.jpeg 1024w, https:\/\/kartingagadir.com\/wp-content\/uploads\/2024\/05\/2-150x150.jpeg 150w, https:\/\/kartingagadir.com\/wp-content\/uploads\/2024\/05\/2-400x400.jpeg 400w, https:\/\/kartingagadir.com\/wp-content\/uploads\/2024\/05\/2-100x100.jpeg 100w, https:\/\/kartingagadir.com\/wp-content\/uploads\/2024\/05\/2-600x600.jpeg 600w, https:\/\/kartingagadir.com\/wp-content\/uploads\/2024\/05\/2.jpeg 1080w\" sizes=\"(max-width: 600px) 100vw, 600px\" \/>                                                            <\/div>\n        \t\t<\/div>\n\t\t\t\t<\/div>\n\t\t\t\t<div class=\"elementor-element elementor-element-1013c2a elementor-align-center elementor-widget elementor-widget-button\" data-id=\"1013c2a\" data-element_type=\"widget\" data-widget_type=\"button.default\">\n\t\t\t\t<div class=\"elementor-widget-container\">\n\t\t\t\t\t\t\t<div class=\"elementor-button-wrapper\">\n\t\t\t\t\t<a class=\"elementor-button elementor-button-link elementor-size-sm\" href=\"https:\/\/kartingagadir.com\/en\/contact-us\/\">\n\t\t\t\t\t\t<span class=\"elementor-button-content-wrapper\">\n\t\t\t\t\t\t\t\t\t<span class=\"elementor-button-text\">LEARN MORE<\/span>\n\t\t\t\t\t<\/span>\n\t\t\t\t\t<\/a>\n\t\t\t\t<\/div>\n\t\t\t\t\t\t<\/div>\n\t\t\t\t<\/div>\n\t\t\t\t<\/div>\n\t\t<div class=\"elementor-element elementor-element-af5ffd7 e-con-full e-flex e-con e-child\" data-id=\"af5ffd7\" data-element_type=\"container\">\n\t\t\t\t<\/div>\n\t\t\t\t\t<\/div>\n\t\t\t\t<\/div>\n\t\t<div class=\"elementor-element elementor-element-c65e9c3 elementor-hidden-mobile e-flex e-con-boxed e-con e-parent\" data-id=\"c65e9c3\" data-element_type=\"container\" data-settings=\"{&quot;background_background&quot;:&quot;classic&quot;}\">\n\t\t\t\t\t<div class=\"e-con-inner\">\n\t\t<div class=\"elementor-element elementor-element-01c1c91 e-con-full e-flex e-con e-child\" data-id=\"01c1c91\" data-element_type=\"container\">\n\t\t\t\t<div class=\"elementor-element elementor-element-52bc686 elementor-widget elementor-widget-image\" data-id=\"52bc686\" data-element_type=\"widget\" data-widget_type=\"image.default\">\n\t\t\t\t<div class=\"elementor-widget-container\">\n\t\t\t        <div class=\"elementor-image\">\n                                                <img loading=\"lazy\" decoding=\"async\" width=\"600\" height=\"600\" src=\"https:\/\/kartingagadir.com\/wp-content\/uploads\/2024\/05\/1-768x768.jpeg\" class=\"attachment-medium_large size-medium_large wp-image-5886\" alt=\"\" srcset=\"https:\/\/kartingagadir.com\/wp-content\/uploads\/2024\/05\/1-768x768.jpeg 768w, https:\/\/kartingagadir.com\/wp-content\/uploads\/2024\/05\/1-300x300.jpeg 300w, https:\/\/kartingagadir.com\/wp-content\/uploads\/2024\/05\/1-1024x1024.jpeg 1024w, https:\/\/kartingagadir.com\/wp-content\/uploads\/2024\/05\/1-150x150.jpeg 150w, https:\/\/kartingagadir.com\/wp-content\/uploads\/2024\/05\/1-400x400.jpeg 400w, https:\/\/kartingagadir.com\/wp-content\/uploads\/2024\/05\/1-100x100.jpeg 100w, https:\/\/kartingagadir.com\/wp-content\/uploads\/2024\/05\/1-600x600.jpeg 600w, https:\/\/kartingagadir.com\/wp-content\/uploads\/2024\/05\/1.jpeg 1080w\" sizes=\"(max-width: 600px) 100vw, 600px\" \/>                                                            <\/div>\n        \t\t<\/div>\n\t\t\t\t<\/div>\n\t\t\t\t<\/div>\n\t\t<div class=\"elementor-element elementor-element-a2e0ab5 e-con-full e-flex e-con e-child\" data-id=\"a2e0ab5\" data-element_type=\"container\">\n\t\t\t\t<div class=\"elementor-element elementor-element-076250c elementor-widget elementor-widget-heading\" data-id=\"076250c\" data-element_type=\"widget\" data-widget_type=\"heading.default\">\n\t\t\t\t<div class=\"elementor-widget-container\">\n\t\t\t<h2 class=\"elementor-heading-title elementor-size-default\">YAMAHA YFZ 50<\/h2>\t\t<\/div>\n\t\t\t\t<\/div>\n\t\t\t\t<div class=\"elementor-element elementor-element-ef24fe9 elementor-widget elementor-widget-text-editor\" data-id=\"ef24fe9\" data-element_type=\"widget\" data-widget_type=\"text-editor.default\">\n\t\t\t\t<div class=\"elementor-widget-container\">\n\t\t\t\t\t<div class=\"elementor-text-editor elementor-clearfix\"><p class=\" translation-block\">Ready for an adventure on four wheels? Welcome to the world of mini quads at Karting Agadir! For young thrill-seekers, we offer an unforgettable experience on our Yamaha YFZ 50s, specially designed for young aspiring riders. Our mini quads are the perfect choice to introduce children to the joys of off-road driving in a safe and controlled environment. With their sporty design and performance tailored for young riders, our Yamaha YFZ 50s provide an exciting and accessible driving experience.<\/p><\/div>\n\t\t\t\t<\/div>\n\t\t\t\t<\/div>\n\t\t\t\t<div class=\"elementor-element elementor-element-6564951 elementor-align-center elementor-widget elementor-widget-button\" data-id=\"6564951\" data-element_type=\"widget\" data-widget_type=\"button.default\">\n\t\t\t\t<div class=\"elementor-widget-container\">\n\t\t\t\t\t\t\t<div class=\"elementor-button-wrapper\">\n\t\t\t\t\t<a class=\"elementor-button elementor-button-link elementor-size-sm\" href=\"https:\/\/kartingagadir.com\/en\/contact-us\/\">\n\t\t\t\t\t\t<span class=\"elementor-button-content-wrapper\">\n\t\t\t\t\t\t\t\t\t<span class=\"elementor-button-text\">LEARN MORE<\/span>\n\t\t\t\t\t<\/span>\n\t\t\t\t\t<\/a>\n\t\t\t\t<\/div>\n\t\t\t\t\t\t<\/div>\n\t\t\t\t<\/div>\n\t\t\t\t<\/div>\n\t\t\t\t\t<\/div>\n\t\t\t\t<\/div>\n\t\t<div class=\"elementor-element elementor-element-a9778f1 elementor-hidden-desktop elementor-hidden-tablet e-flex e-con-boxed e-con e-parent\" data-id=\"a9778f1\" data-element_type=\"container\" data-settings=\"{&quot;background_background&quot;:&quot;classic&quot;}\">\n\t\t\t\t\t<div class=\"e-con-inner\">\n\t\t<div class=\"elementor-element elementor-element-aa45e30 e-con-full e-flex e-con e-child\" data-id=\"aa45e30\" data-element_type=\"container\">\n\t\t\t\t<\/div>\n\t\t<div class=\"elementor-element elementor-element-357041f e-con-full e-flex e-con e-child\" data-id=\"357041f\" data-element_type=\"container\">\n\t\t\t\t<div class=\"elementor-element elementor-element-eeaad37 elementor-widget elementor-widget-heading\" data-id=\"eeaad37\" data-element_type=\"widget\" data-widget_type=\"heading.default\">\n\t\t\t\t<div class=\"elementor-widget-container\">\n\t\t\t<h2 class=\"elementor-heading-title elementor-size-default\">YAMAHA YFZ 50<\/h2>\t\t<\/div>\n\t\t\t\t<\/div>\n\t\t\t\t<div class=\"elementor-element elementor-element-5b460d0 elementor-widget elementor-widget-text-editor\" data-id=\"5b460d0\" data-element_type=\"widget\" data-widget_type=\"text-editor.default\">\n\t\t\t\t<div class=\"elementor-widget-container\">\n\t\t\t\t\t<div class=\"elementor-text-editor elementor-clearfix\"><p class=\" translation-block\">Ready for an adventure on four wheels? Welcome to the world of mini quads at Karting Agadir! For young thrill-seekers, we offer an unforgettable experience on our Yamaha YFZ 50s, specially designed for young aspiring riders. Our mini quads are the perfect choice to introduce children to the joys of off-road driving in a safe and controlled environment. With their sporty design and performance tailored for young riders, our Yamaha YFZ 50s provide an exciting and accessible driving experience.<\/p><\/div>\n\t\t\t\t<\/div>\n\t\t\t\t<\/div>\n\t\t\t\t<div class=\"elementor-element elementor-element-605fb2c elementor-widget elementor-widget-image\" data-id=\"605fb2c\" data-element_type=\"widget\" data-widget_type=\"image.default\">\n\t\t\t\t<div class=\"elementor-widget-container\">\n\t\t\t        <div class=\"elementor-image\">\n                                                <img loading=\"lazy\" decoding=\"async\" width=\"600\" height=\"600\" src=\"https:\/\/kartingagadir.com\/wp-content\/uploads\/2024\/05\/1-768x768.jpeg\" class=\"attachment-medium_large size-medium_large wp-image-5886\" alt=\"\" srcset=\"https:\/\/kartingagadir.com\/wp-content\/uploads\/2024\/05\/1-768x768.jpeg 768w, https:\/\/kartingagadir.com\/wp-content\/uploads\/2024\/05\/1-300x300.jpeg 300w, https:\/\/kartingagadir.com\/wp-content\/uploads\/2024\/05\/1-1024x1024.jpeg 1024w, https:\/\/kartingagadir.com\/wp-content\/uploads\/2024\/05\/1-150x150.jpeg 150w, https:\/\/kartingagadir.com\/wp-content\/uploads\/2024\/05\/1-400x400.jpeg 400w, https:\/\/kartingagadir.com\/wp-content\/uploads\/2024\/05\/1-100x100.jpeg 100w, https:\/\/kartingagadir.com\/wp-content\/uploads\/2024\/05\/1-600x600.jpeg 600w, https:\/\/kartingagadir.com\/wp-content\/uploads\/2024\/05\/1.jpeg 1080w\" sizes=\"(max-width: 600px) 100vw, 600px\" \/>                                                            <\/div>\n        \t\t<\/div>\n\t\t\t\t<\/div>\n\t\t\t\t<div class=\"elementor-element elementor-element-bf6bd81 elementor-align-center elementor-widget elementor-widget-button\" data-id=\"bf6bd81\" data-element_type=\"widget\" data-widget_type=\"button.default\">\n\t\t\t\t<div class=\"elementor-widget-container\">\n\t\t\t\t\t\t\t<div class=\"elementor-button-wrapper\">\n\t\t\t\t\t<a class=\"elementor-button elementor-button-link elementor-size-sm\" href=\"https:\/\/kartingagadir.com\/en\/contact-us\/\">\n\t\t\t\t\t\t<span class=\"elementor-button-content-wrapper\">\n\t\t\t\t\t\t\t\t\t<span class=\"elementor-button-text\">LEARN MORE<\/span>\n\t\t\t\t\t<\/span>\n\t\t\t\t\t<\/a>\n\t\t\t\t<\/div>\n\t\t\t\t\t\t<\/div>\n\t\t\t\t<\/div>\n\t\t\t\t<\/div>\n\t\t\t\t\t<\/div>\n\t\t\t\t<\/div>\n\t\t<div class=\"elementor-element elementor-element-439a526 e-flex e-con-boxed e-con e-parent\" data-id=\"439a526\" data-element_type=\"container\">\n\t\t\t\t\t<div class=\"e-con-inner\">\n\t\t<div class=\"elementor-element elementor-element-820769b e-flex e-con-boxed e-con e-child\" data-id=\"820769b\" data-element_type=\"container\">\n\t\t\t\t\t<div class=\"e-con-inner\">\n\t\t\t\t<div class=\"elementor-element elementor-element-d85c6c3 elementor-widget elementor-widget-image\" data-id=\"d85c6c3\" data-element_type=\"widget\" data-widget_type=\"image.default\">\n\t\t\t\t<div class=\"elementor-widget-container\">\n\t\t\t        <div class=\"elementor-image\">\n                                                <img decoding=\"async\" width=\"7\" height=\"126\" src=\"https:\/\/kartingagadir.com\/wp-content\/uploads\/2024\/05\/separateur.png\" class=\"attachment-large size-large wp-image-5026\" alt=\"\" \/>                                                            <\/div>\n        \t\t<\/div>\n\t\t\t\t<\/div>\n\t\t\t\t\t<\/div>\n\t\t\t\t<\/div>\n\t\t\t\t\t<\/div>\n\t\t\t\t<\/div>\n\t\t<div class=\"elementor-element elementor-element-9d53f21 e-flex e-con-boxed e-con e-parent\" data-id=\"9d53f21\" data-element_type=\"container\">\n\t\t\t\t\t<div class=\"e-con-inner\">\n\t\t<div class=\"elementor-element elementor-element-5ca9495 e-flex e-con-boxed e-con e-child\" data-id=\"5ca9495\" data-element_type=\"container\">\n\t\t\t\t\t<div class=\"e-con-inner\">\n\t\t\t\t<div class=\"elementor-element elementor-element-b59f450 elementor-widget elementor-widget-heading\" data-id=\"b59f450\" data-element_type=\"widget\" data-widget_type=\"heading.default\">\n\t\t\t\t<div class=\"elementor-widget-container\">\n\t\t\t<h2 class=\"elementor-heading-title elementor-size-default\">JOIN US !<\/h2>\t\t<\/div>\n\t\t\t\t<\/div>\n\t\t\t\t\t<\/div>\n\t\t\t\t<\/div>\n\t\t\t\t\t<\/div>\n\t\t\t\t<\/div>\n\t\t<div class=\"elementor-element elementor-element-c154be5 e-flex e-con-boxed e-con e-parent\" data-id=\"c154be5\" data-element_type=\"container\">\n\t\t\t\t\t<div class=\"e-con-inner\">\n\t\t<div class=\"elementor-element elementor-element-ad21683 e-flex e-con-boxed e-con e-child\" data-id=\"ad21683\" data-element_type=\"container\">\n\t\t\t\t\t<div class=\"e-con-inner\">\n\t\t\t\t<div class=\"elementor-element elementor-element-7127735 elementor-widget elementor-widget-google_maps\" data-id=\"7127735\" data-element_type=\"widget\" data-widget_type=\"google_maps.default\">\n\t\t\t\t<div class=\"elementor-widget-container\">\n\t\t\t\t\t<div class=\"elementor-custom-embed\">\n\t\t\t<iframe loading=\"lazy\"\n\t\t\t\t\tsrc=\"https:\/\/maps.google.com\/maps?q=karting%20agadir&#038;t=m&#038;z=14&#038;output=embed&#038;iwloc=near\"\n\t\t\t\t\ttitle=\"karting agadir\"\n\t\t\t\t\taria-label=\"karting agadir\"\n\t\t\t><\/iframe>\n\t\t<\/div>\n\t\t\t\t<\/div>\n\t\t\t\t<\/div>\n\t\t\t\t\t<\/div>\n\t\t\t\t<\/div>\n\t\t\t\t\t<\/div>\n\t\t\t\t<\/div>\n\t\t<div class=\"elementor-element elementor-element-3c5f4f0 e-flex e-con-boxed e-con e-parent\" data-id=\"3c5f4f0\" data-element_type=\"container\">\n\t\t\t\t\t<div class=\"e-con-inner\">\n\t\t\t\t\t<\/div>\n\t\t\t\t<\/div>\n\t\t\t\t<\/div>","protected":false},"excerpt":{"rendered":"<p>MOTOS &amp; QUADS YAMAHA PW-50 Bienvenue dans le monde palpitant des mini-motos pour enfants chez Karting Agadir ! Pour les petits pilotes en herbe, nous proposons une exp\u00e9rience unique sur nos Yamaha PW50, sp\u00e9cialement con\u00e7ues pour offrir une initiation en toute s\u00e9curit\u00e9 \u00e0 la passion de la moto. Nos mini-motos sont le parfait moyen pour &hellip; <\/p>\n<p class=\"link-more\"><a href=\"https:\/\/kartingagadir.com\/en\/motos-quads\/\" class=\"more-link\">Read More <span class=\"screen-reader-text\"> \u00ab\u00a0Motos &#038; Quads\u00a0\u00bb<\/span><\/a><\/p>","protected":false},"author":1,"featured_media":0,"parent":0,"menu_order":0,"comment_status":"closed","ping_status":"closed","template":"","meta":{"_monsterinsights_skip_tracking":false,"_monsterinsights_sitenote_active":false,"_monsterinsights_sitenote_note":"","_monsterinsights_sitenote_category":0,"footnotes":""},"class_list":["post-5879","page","type-page","status-publish","hentry"],"aioseo_notices":[],"_links":{"self":[{"href":"https:\/\/kartingagadir.com\/en\/wp-json\/wp\/v2\/pages\/5879","targetHints":{"allow":["GET"]}}],"collection":[{"href":"https:\/\/kartingagadir.com\/en\/wp-json\/wp\/v2\/pages"}],"about":[{"href":"https:\/\/kartingagadir.com\/en\/wp-json\/wp\/v2\/types\/page"}],"author":[{"embeddable":true,"href":"https:\/\/kartingagadir.com\/en\/wp-json\/wp\/v2\/users\/1"}],"replies":[{"embeddable":true,"href":"https:\/\/kartingagadir.com\/en\/wp-json\/wp\/v2\/comments?post=5879"}],"version-history":[{"count":52,"href":"https:\/\/kartingagadir.com\/en\/wp-json\/wp\/v2\/pages\/5879\/revisions"}],"predecessor-version":[{"id":7095,"href":"https:\/\/kartingagadir.com\/en\/wp-json\/wp\/v2\/pages\/5879\/revisions\/7095"}],"wp:attachment":[{"href":"https:\/\/kartingagadir.com\/en\/wp-json\/wp\/v2\/media?parent=5879"}],"curies":[{"name":"wp","href":"https:\/\/api.w.org\/{rel}","templated":true}]}}