{"id":5830,"date":"2024-05-16T11:10:28","date_gmt":"2024-05-16T09:10:28","guid":{"rendered":"https:\/\/kartingagadir-test.com\/?page_id=5830"},"modified":"2024-06-03T12:55:07","modified_gmt":"2024-06-03T10:55:07","slug":"espace-entreprises","status":"publish","type":"page","link":"https:\/\/kartingagadir.com\/en\/espace-entreprises\/","title":{"rendered":"Espace Entreprises"},"content":{"rendered":"<div data-elementor-type=\"wp-post\" data-elementor-id=\"5830\" class=\"elementor elementor-5830\">\n\t\t\t\t<div class=\"elementor-element elementor-element-61a7721 e-con-full e-flex e-con e-parent\" data-id=\"61a7721\" data-element_type=\"container\" data-settings=\"{&quot;background_background&quot;:&quot;classic&quot;}\">\n\t\t\t\t<div class=\"elementor-element elementor-element-d0c375e elementor-widget__width-inherit elementor-hidden-mobile elementor-widget elementor-widget-image\" data-id=\"d0c375e\" data-element_type=\"widget\" data-widget_type=\"image.default\">\n\t\t\t\t<div class=\"elementor-widget-container\">\n\t\t\t        <div class=\"elementor-image\">\n                                                <img fetchpriority=\"high\" decoding=\"async\" width=\"2048\" height=\"803\" src=\"https:\/\/kartingagadir.com\/wp-content\/uploads\/2024\/05\/BANNIERE-COMITE-ENTREPRISE.jpeg\" class=\"attachment-full size-full wp-image-5832\" alt=\"\" srcset=\"https:\/\/kartingagadir.com\/wp-content\/uploads\/2024\/05\/BANNIERE-COMITE-ENTREPRISE.jpeg 2048w, https:\/\/kartingagadir.com\/wp-content\/uploads\/2024\/05\/BANNIERE-COMITE-ENTREPRISE-300x118.jpeg 300w, https:\/\/kartingagadir.com\/wp-content\/uploads\/2024\/05\/BANNIERE-COMITE-ENTREPRISE-1024x402.jpeg 1024w, https:\/\/kartingagadir.com\/wp-content\/uploads\/2024\/05\/BANNIERE-COMITE-ENTREPRISE-768x301.jpeg 768w, https:\/\/kartingagadir.com\/wp-content\/uploads\/2024\/05\/BANNIERE-COMITE-ENTREPRISE-1536x602.jpeg 1536w, https:\/\/kartingagadir.com\/wp-content\/uploads\/2024\/05\/BANNIERE-COMITE-ENTREPRISE-400x157.jpeg 400w, https:\/\/kartingagadir.com\/wp-content\/uploads\/2024\/05\/BANNIERE-COMITE-ENTREPRISE-600x235.jpeg 600w\" sizes=\"(max-width: 2048px) 100vw, 2048px\" \/>                                                            <\/div>\n        \t\t<\/div>\n\t\t\t\t<\/div>\n\t\t\t\t<div class=\"elementor-element elementor-element-bcfb6fd elementor-widget__width-inherit elementor-hidden-desktop elementor-hidden-tablet elementor-widget elementor-widget-image\" data-id=\"bcfb6fd\" data-element_type=\"widget\" data-widget_type=\"image.default\">\n\t\t\t\t<div class=\"elementor-widget-container\">\n\t\t\t        <div class=\"elementor-image\">\n                                                <img decoding=\"async\" width=\"1380\" height=\"920\" src=\"https:\/\/kartingagadir.com\/wp-content\/uploads\/2024\/05\/2-8.jpg\" class=\"attachment-full size-full wp-image-6622\" alt=\"\" srcset=\"https:\/\/kartingagadir.com\/wp-content\/uploads\/2024\/05\/2-8.jpg 1380w, https:\/\/kartingagadir.com\/wp-content\/uploads\/2024\/05\/2-8-300x200.jpg 300w, https:\/\/kartingagadir.com\/wp-content\/uploads\/2024\/05\/2-8-1024x683.jpg 1024w, https:\/\/kartingagadir.com\/wp-content\/uploads\/2024\/05\/2-8-768x512.jpg 768w, https:\/\/kartingagadir.com\/wp-content\/uploads\/2024\/05\/2-8-400x267.jpg 400w, https:\/\/kartingagadir.com\/wp-content\/uploads\/2024\/05\/2-8-600x400.jpg 600w\" sizes=\"(max-width: 1380px) 100vw, 1380px\" \/>                                                            <\/div>\n        \t\t<\/div>\n\t\t\t\t<\/div>\n\t\t\t\t<\/div>\n\t\t\t\t<section class=\"elementor-section elementor-top-section elementor-element elementor-element-b225e54 elementor-section-boxed elementor-section-height-default elementor-section-height-default\" data-id=\"b225e54\" data-element_type=\"section\">\n\t\t\t\t\t\t<div class=\"elementor-container elementor-column-gap-default\">\n\t\t\t\t\t<div class=\"elementor-column elementor-col-100 elementor-top-column elementor-element elementor-element-ca42837\" data-id=\"ca42837\" data-element_type=\"column\">\n\t\t\t<div class=\"elementor-widget-wrap elementor-element-populated\">\n\t\t\t\t\t\t<div class=\"elementor-element elementor-element-0312e00 animated-fast elementor-invisible elementor-widget elementor-widget-heading\" data-id=\"0312e00\" data-element_type=\"widget\" data-settings=\"{&quot;_animation&quot;:&quot;opal-move-up&quot;}\" data-widget_type=\"heading.default\">\n\t\t\t\t<div class=\"elementor-widget-container\">\n\t\t\t<h2 class=\"elementor-heading-title elementor-size-default\">ESPACE ENTREPRISES<\/h2>\t\t<\/div>\n\t\t\t\t<\/div>\n\t\t\t\t\t<\/div>\n\t\t<\/div>\n\t\t\t\t\t<\/div>\n\t\t<\/section>\n\t\t<div class=\"elementor-element elementor-element-29e2d09 e-flex e-con-boxed e-con e-parent\" data-id=\"29e2d09\" data-element_type=\"container\">\n\t\t\t\t\t<div class=\"e-con-inner\">\n\t\t<div class=\"elementor-element elementor-element-6963888 e-flex e-con-boxed e-con e-child\" data-id=\"6963888\" data-element_type=\"container\">\n\t\t\t\t\t<div class=\"e-con-inner\">\n\t\t\t\t\t<\/div>\n\t\t\t\t<\/div>\n\t\t\t\t\t<\/div>\n\t\t\t\t<\/div>\n\t\t<div class=\"elementor-element elementor-element-f2589d3 e-flex e-con-boxed e-con e-parent\" data-id=\"f2589d3\" data-element_type=\"container\" data-settings=\"{&quot;background_background&quot;:&quot;classic&quot;}\">\n\t\t\t\t\t<div class=\"e-con-inner\">\n\t\t<div class=\"elementor-element elementor-element-f585c4b e-con-full e-flex e-con e-child\" data-id=\"f585c4b\" data-element_type=\"container\">\n\t\t\t\t<div class=\"elementor-element elementor-element-6aae605 elementor-widget elementor-widget-heading\" data-id=\"6aae605\" data-element_type=\"widget\" data-widget_type=\"heading.default\">\n\t\t\t\t<div class=\"elementor-widget-container\">\n\t\t\t<h2 class=\"elementor-heading-title elementor-size-default\">KARTING AGADIR: BOOST YOUR TEAM SPIRIT<\/h2>\t\t<\/div>\n\t\t\t\t<\/div>\n\t\t\t\t<div class=\"elementor-element elementor-element-81974a6 elementor-widget elementor-widget-text-editor\" data-id=\"81974a6\" data-element_type=\"widget\" data-widget_type=\"text-editor.default\">\n\t\t\t\t<div class=\"elementor-widget-container\">\n\t\t\t\t\t<div class=\"elementor-text-editor elementor-clearfix\"><p class=\" translation-block\">Discover an unforgettable team building experience at Karting Agadir. We offer tailor-made events for businesses, providing the perfect blend of adrenaline, friendly competition, and team building. Whether you're planning a team bonding day, a corporate seminar, or a reward activity, our dedicated team is here to create a customized program that meets your specific needs. Dive into action with our thrilling races, strengthen bonds with your colleagues, and create lasting memories in a friendly and stimulating atmosphere. Join us at Karting Agadir for an unforgettable corporate experience!<\/p><\/div>\n\t\t\t\t<\/div>\n\t\t\t\t<\/div>\n\t\t\t\t<div class=\"elementor-element elementor-element-4ca4b2b elementor-align-center elementor-widget elementor-widget-button\" data-id=\"4ca4b2b\" data-element_type=\"widget\" data-widget_type=\"button.default\">\n\t\t\t\t<div class=\"elementor-widget-container\">\n\t\t\t\t\t\t\t<div class=\"elementor-button-wrapper\">\n\t\t\t\t\t<a class=\"elementor-button elementor-button-link elementor-size-sm\" href=\"https:\/\/kartingagadir.com\/en\/contact-us\/\">\n\t\t\t\t\t\t<span class=\"elementor-button-content-wrapper\">\n\t\t\t\t\t\t\t\t\t<span class=\"elementor-button-text\">LEARN MORE<\/span>\n\t\t\t\t\t<\/span>\n\t\t\t\t\t<\/a>\n\t\t\t\t<\/div>\n\t\t\t\t\t\t<\/div>\n\t\t\t\t<\/div>\n\t\t\t\t<\/div>\n\t\t<div class=\"elementor-element elementor-element-7ee92f0 e-con-full e-flex e-con e-child\" data-id=\"7ee92f0\" data-element_type=\"container\">\n\t\t\t\t<div class=\"elementor-element elementor-element-4535d31 elementor-widget elementor-widget-image\" data-id=\"4535d31\" data-element_type=\"widget\" data-widget_type=\"image.default\">\n\t\t\t\t<div class=\"elementor-widget-container\">\n\t\t\t        <div class=\"elementor-image\">\n                                                <img decoding=\"async\" width=\"2048\" height=\"1365\" src=\"https:\/\/kartingagadir.com\/wp-content\/uploads\/2024\/05\/COMITE-ENTREPRISE.png\" class=\"attachment-full size-full wp-image-5843\" alt=\"\" srcset=\"https:\/\/kartingagadir.com\/wp-content\/uploads\/2024\/05\/COMITE-ENTREPRISE.png 2048w, https:\/\/kartingagadir.com\/wp-content\/uploads\/2024\/05\/COMITE-ENTREPRISE-300x200.png 300w, https:\/\/kartingagadir.com\/wp-content\/uploads\/2024\/05\/COMITE-ENTREPRISE-1024x683.png 1024w, https:\/\/kartingagadir.com\/wp-content\/uploads\/2024\/05\/COMITE-ENTREPRISE-768x512.png 768w, https:\/\/kartingagadir.com\/wp-content\/uploads\/2024\/05\/COMITE-ENTREPRISE-1536x1024.png 1536w, https:\/\/kartingagadir.com\/wp-content\/uploads\/2024\/05\/COMITE-ENTREPRISE-400x267.png 400w, https:\/\/kartingagadir.com\/wp-content\/uploads\/2024\/05\/COMITE-ENTREPRISE-600x400.png 600w\" sizes=\"(max-width: 2048px) 100vw, 2048px\" \/>                                                            <\/div>\n        \t\t<\/div>\n\t\t\t\t<\/div>\n\t\t\t\t<\/div>\n\t\t\t\t\t<\/div>\n\t\t\t\t<\/div>\n\t\t<div class=\"elementor-element elementor-element-6b04669 e-flex e-con-boxed e-con e-parent\" data-id=\"6b04669\" data-element_type=\"container\">\n\t\t\t\t\t<div class=\"e-con-inner\">\n\t\t<div class=\"elementor-element elementor-element-abb052d e-flex e-con-boxed e-con e-child\" data-id=\"abb052d\" data-element_type=\"container\">\n\t\t\t\t\t<div class=\"e-con-inner\">\n\t\t\t\t<div class=\"elementor-element elementor-element-d8dfbc3 elementor-widget elementor-widget-image\" data-id=\"d8dfbc3\" data-element_type=\"widget\" data-widget_type=\"image.default\">\n\t\t\t\t<div class=\"elementor-widget-container\">\n\t\t\t        <div class=\"elementor-image\">\n                                                <img loading=\"lazy\" decoding=\"async\" width=\"7\" height=\"126\" src=\"https:\/\/kartingagadir.com\/wp-content\/uploads\/2024\/05\/separateur.png\" class=\"attachment-large size-large wp-image-5026\" alt=\"\" \/>                                                            <\/div>\n        \t\t<\/div>\n\t\t\t\t<\/div>\n\t\t\t\t\t<\/div>\n\t\t\t\t<\/div>\n\t\t\t\t\t<\/div>\n\t\t\t\t<\/div>\n\t\t<div class=\"elementor-element elementor-element-225cf97 e-flex e-con-boxed e-con e-parent\" data-id=\"225cf97\" data-element_type=\"container\" data-settings=\"{&quot;background_background&quot;:&quot;classic&quot;}\">\n\t\t\t\t\t<div class=\"e-con-inner\">\n\t\t<div class=\"elementor-element elementor-element-c523cfc e-con-full e-flex e-con e-child\" data-id=\"c523cfc\" data-element_type=\"container\">\n\t\t\t\t<div class=\"elementor-element elementor-element-7bd8f35 elementor-widget elementor-widget-image\" data-id=\"7bd8f35\" data-element_type=\"widget\" data-widget_type=\"image.default\">\n\t\t\t\t<div class=\"elementor-widget-container\">\n\t\t\t        <div class=\"elementor-image\">\n                                                <img loading=\"lazy\" decoding=\"async\" width=\"600\" height=\"400\" src=\"https:\/\/kartingagadir.com\/wp-content\/uploads\/2024\/05\/2-2-768x512.png\" class=\"attachment-medium_large size-medium_large wp-image-5860\" alt=\"\" srcset=\"https:\/\/kartingagadir.com\/wp-content\/uploads\/2024\/05\/2-2-768x512.png 768w, https:\/\/kartingagadir.com\/wp-content\/uploads\/2024\/05\/2-2-300x200.png 300w, https:\/\/kartingagadir.com\/wp-content\/uploads\/2024\/05\/2-2-1024x683.png 1024w, https:\/\/kartingagadir.com\/wp-content\/uploads\/2024\/05\/2-2-1536x1024.png 1536w, https:\/\/kartingagadir.com\/wp-content\/uploads\/2024\/05\/2-2-400x267.png 400w, https:\/\/kartingagadir.com\/wp-content\/uploads\/2024\/05\/2-2-600x400.png 600w, https:\/\/kartingagadir.com\/wp-content\/uploads\/2024\/05\/2-2.png 2048w\" sizes=\"(max-width: 600px) 100vw, 600px\" \/>                                                            <\/div>\n        \t\t<\/div>\n\t\t\t\t<\/div>\n\t\t\t\t<div class=\"elementor-element elementor-element-a1d4b9f elementor-widget elementor-widget-image\" data-id=\"a1d4b9f\" data-element_type=\"widget\" data-widget_type=\"image.default\">\n\t\t\t\t<div class=\"elementor-widget-container\">\n\t\t\t        <div class=\"elementor-image\">\n                                                <img loading=\"lazy\" decoding=\"async\" width=\"600\" height=\"400\" src=\"https:\/\/kartingagadir.com\/wp-content\/uploads\/2024\/05\/20-1-768x512.jpg\" class=\"attachment-medium_large size-medium_large wp-image-5863\" alt=\"\" srcset=\"https:\/\/kartingagadir.com\/wp-content\/uploads\/2024\/05\/20-1-768x512.jpg 768w, https:\/\/kartingagadir.com\/wp-content\/uploads\/2024\/05\/20-1-300x200.jpg 300w, https:\/\/kartingagadir.com\/wp-content\/uploads\/2024\/05\/20-1-1024x683.jpg 1024w, https:\/\/kartingagadir.com\/wp-content\/uploads\/2024\/05\/20-1-1536x1024.jpg 1536w, https:\/\/kartingagadir.com\/wp-content\/uploads\/2024\/05\/20-1-400x267.jpg 400w, https:\/\/kartingagadir.com\/wp-content\/uploads\/2024\/05\/20-1-600x400.jpg 600w, https:\/\/kartingagadir.com\/wp-content\/uploads\/2024\/05\/20-1.jpg 2048w\" sizes=\"(max-width: 600px) 100vw, 600px\" \/>                                                            <\/div>\n        \t\t<\/div>\n\t\t\t\t<\/div>\n\t\t\t\t<\/div>\n\t\t<div class=\"elementor-element elementor-element-cb039a2 e-con-full e-flex e-con e-child\" data-id=\"cb039a2\" data-element_type=\"container\">\n\t\t\t\t<div class=\"elementor-element elementor-element-5f4c309 elementor-widget elementor-widget-image\" data-id=\"5f4c309\" data-element_type=\"widget\" data-widget_type=\"image.default\">\n\t\t\t\t<div class=\"elementor-widget-container\">\n\t\t\t        <div class=\"elementor-image\">\n                                                <img loading=\"lazy\" decoding=\"async\" width=\"600\" height=\"400\" src=\"https:\/\/kartingagadir.com\/wp-content\/uploads\/2024\/05\/3-3-768x512.png\" class=\"attachment-medium_large size-medium_large wp-image-5858\" alt=\"\" srcset=\"https:\/\/kartingagadir.com\/wp-content\/uploads\/2024\/05\/3-3-768x512.png 768w, https:\/\/kartingagadir.com\/wp-content\/uploads\/2024\/05\/3-3-300x200.png 300w, https:\/\/kartingagadir.com\/wp-content\/uploads\/2024\/05\/3-3-1024x683.png 1024w, https:\/\/kartingagadir.com\/wp-content\/uploads\/2024\/05\/3-3-1536x1024.png 1536w, https:\/\/kartingagadir.com\/wp-content\/uploads\/2024\/05\/3-3-400x267.png 400w, https:\/\/kartingagadir.com\/wp-content\/uploads\/2024\/05\/3-3-600x400.png 600w, https:\/\/kartingagadir.com\/wp-content\/uploads\/2024\/05\/3-3.png 2048w\" sizes=\"(max-width: 600px) 100vw, 600px\" \/>                                                            <\/div>\n        \t\t<\/div>\n\t\t\t\t<\/div>\n\t\t\t\t<div class=\"elementor-element elementor-element-b784078 elementor-widget elementor-widget-image\" data-id=\"b784078\" data-element_type=\"widget\" data-widget_type=\"image.default\">\n\t\t\t\t<div class=\"elementor-widget-container\">\n\t\t\t        <div class=\"elementor-image\">\n                                                <img loading=\"lazy\" decoding=\"async\" width=\"600\" height=\"400\" src=\"https:\/\/kartingagadir.com\/wp-content\/uploads\/2024\/05\/1-2-768x512.png\" class=\"attachment-medium_large size-medium_large wp-image-5857\" alt=\"\" srcset=\"https:\/\/kartingagadir.com\/wp-content\/uploads\/2024\/05\/1-2-768x512.png 768w, https:\/\/kartingagadir.com\/wp-content\/uploads\/2024\/05\/1-2-300x200.png 300w, https:\/\/kartingagadir.com\/wp-content\/uploads\/2024\/05\/1-2-1024x683.png 1024w, https:\/\/kartingagadir.com\/wp-content\/uploads\/2024\/05\/1-2-1536x1024.png 1536w, https:\/\/kartingagadir.com\/wp-content\/uploads\/2024\/05\/1-2-400x267.png 400w, https:\/\/kartingagadir.com\/wp-content\/uploads\/2024\/05\/1-2-600x400.png 600w, https:\/\/kartingagadir.com\/wp-content\/uploads\/2024\/05\/1-2.png 2048w\" sizes=\"(max-width: 600px) 100vw, 600px\" \/>                                                            <\/div>\n        \t\t<\/div>\n\t\t\t\t<\/div>\n\t\t\t\t<\/div>\n\t\t\t\t\t<\/div>\n\t\t\t\t<\/div>\n\t\t<div class=\"elementor-element elementor-element-439a526 e-flex e-con-boxed e-con e-parent\" data-id=\"439a526\" data-element_type=\"container\">\n\t\t\t\t\t<div class=\"e-con-inner\">\n\t\t<div class=\"elementor-element elementor-element-820769b e-flex e-con-boxed e-con e-child\" data-id=\"820769b\" data-element_type=\"container\">\n\t\t\t\t\t<div class=\"e-con-inner\">\n\t\t\t\t<div class=\"elementor-element elementor-element-d85c6c3 elementor-widget elementor-widget-image\" data-id=\"d85c6c3\" data-element_type=\"widget\" data-widget_type=\"image.default\">\n\t\t\t\t<div class=\"elementor-widget-container\">\n\t\t\t        <div class=\"elementor-image\">\n                                                <img loading=\"lazy\" decoding=\"async\" width=\"7\" height=\"126\" src=\"https:\/\/kartingagadir.com\/wp-content\/uploads\/2024\/05\/separateur.png\" class=\"attachment-large size-large wp-image-5026\" alt=\"\" \/>                                                            <\/div>\n        \t\t<\/div>\n\t\t\t\t<\/div>\n\t\t\t\t\t<\/div>\n\t\t\t\t<\/div>\n\t\t\t\t\t<\/div>\n\t\t\t\t<\/div>\n\t\t<div class=\"elementor-element elementor-element-9d53f21 e-flex e-con-boxed e-con e-parent\" data-id=\"9d53f21\" data-element_type=\"container\">\n\t\t\t\t\t<div class=\"e-con-inner\">\n\t\t<div class=\"elementor-element elementor-element-5ca9495 e-flex e-con-boxed e-con e-child\" data-id=\"5ca9495\" data-element_type=\"container\">\n\t\t\t\t\t<div class=\"e-con-inner\">\n\t\t\t\t<div class=\"elementor-element elementor-element-b59f450 elementor-widget elementor-widget-heading\" data-id=\"b59f450\" data-element_type=\"widget\" data-widget_type=\"heading.default\">\n\t\t\t\t<div class=\"elementor-widget-container\">\n\t\t\t<h2 class=\"elementor-heading-title elementor-size-default\">JOIN US !<\/h2>\t\t<\/div>\n\t\t\t\t<\/div>\n\t\t\t\t\t<\/div>\n\t\t\t\t<\/div>\n\t\t\t\t\t<\/div>\n\t\t\t\t<\/div>\n\t\t<div class=\"elementor-element elementor-element-c154be5 e-flex e-con-boxed e-con e-parent\" data-id=\"c154be5\" data-element_type=\"container\">\n\t\t\t\t\t<div class=\"e-con-inner\">\n\t\t<div class=\"elementor-element elementor-element-ad21683 e-flex e-con-boxed e-con e-child\" data-id=\"ad21683\" data-element_type=\"container\">\n\t\t\t\t\t<div class=\"e-con-inner\">\n\t\t\t\t<div class=\"elementor-element elementor-element-7127735 elementor-widget elementor-widget-google_maps\" data-id=\"7127735\" data-element_type=\"widget\" data-widget_type=\"google_maps.default\">\n\t\t\t\t<div class=\"elementor-widget-container\">\n\t\t\t\t\t<div class=\"elementor-custom-embed\">\n\t\t\t<iframe loading=\"lazy\"\n\t\t\t\t\tsrc=\"https:\/\/maps.google.com\/maps?q=karting%20agadir&#038;t=m&#038;z=14&#038;output=embed&#038;iwloc=near\"\n\t\t\t\t\ttitle=\"karting agadir\"\n\t\t\t\t\taria-label=\"karting agadir\"\n\t\t\t><\/iframe>\n\t\t<\/div>\n\t\t\t\t<\/div>\n\t\t\t\t<\/div>\n\t\t\t\t\t<\/div>\n\t\t\t\t<\/div>\n\t\t\t\t\t<\/div>\n\t\t\t\t<\/div>\n\t\t<div class=\"elementor-element elementor-element-3884331 e-flex e-con-boxed e-con e-parent\" data-id=\"3884331\" data-element_type=\"container\">\n\t\t\t\t\t<div class=\"e-con-inner\">\n\t\t\t\t\t<\/div>\n\t\t\t\t<\/div>\n\t\t\t\t<\/div>","protected":false},"excerpt":{"rendered":"<p>ESPACE ENTREPRISES KARTING AGADIR : BOOSTEZ L&rsquo;ESPRIT D&rsquo;EQUIPE D\u00e9couvrez une exp\u00e9rience de team building inoubliable chez Karting Agadir. Nous proposons des \u00e9v\u00e9nements sur mesure pour les entreprises, offrant une combinaison parfaite d\u2019adr\u00e9naline, de comp\u00e9tition amicale et de renforcement d\u2019\u00e9quipe. Que vous souhaitiez organiser une journ\u00e9e de coh\u00e9sion d\u2019\u00e9quipe, un s\u00e9minaire d\u2019entreprise ou une activit\u00e9 de &hellip; <\/p>\n<p class=\"link-more\"><a href=\"https:\/\/kartingagadir.com\/en\/espace-entreprises\/\" class=\"more-link\">Read More <span class=\"screen-reader-text\"> \u00ab\u00a0Espace Entreprises\u00a0\u00bb<\/span><\/a><\/p>","protected":false},"author":1,"featured_media":0,"parent":0,"menu_order":0,"comment_status":"closed","ping_status":"closed","template":"","meta":{"_monsterinsights_skip_tracking":false,"_monsterinsights_sitenote_active":false,"_monsterinsights_sitenote_note":"","_monsterinsights_sitenote_category":0,"footnotes":""},"class_list":["post-5830","page","type-page","status-publish","hentry"],"aioseo_notices":[],"_links":{"self":[{"href":"https:\/\/kartingagadir.com\/en\/wp-json\/wp\/v2\/pages\/5830","targetHints":{"allow":["GET"]}}],"collection":[{"href":"https:\/\/kartingagadir.com\/en\/wp-json\/wp\/v2\/pages"}],"about":[{"href":"https:\/\/kartingagadir.com\/en\/wp-json\/wp\/v2\/types\/page"}],"author":[{"embeddable":true,"href":"https:\/\/kartingagadir.com\/en\/wp-json\/wp\/v2\/users\/1"}],"replies":[{"embeddable":true,"href":"https:\/\/kartingagadir.com\/en\/wp-json\/wp\/v2\/comments?post=5830"}],"version-history":[{"count":52,"href":"https:\/\/kartingagadir.com\/en\/wp-json\/wp\/v2\/pages\/5830\/revisions"}],"predecessor-version":[{"id":6756,"href":"https:\/\/kartingagadir.com\/en\/wp-json\/wp\/v2\/pages\/5830\/revisions\/6756"}],"wp:attachment":[{"href":"https:\/\/kartingagadir.com\/en\/wp-json\/wp\/v2\/media?parent=5830"}],"curies":[{"name":"wp","href":"https:\/\/api.w.org\/{rel}","templated":true}]}}