{"id":5210,"date":"2024-05-13T14:08:43","date_gmt":"2024-05-13T12:08:43","guid":{"rendered":"https:\/\/kartingagadir-test.com\/?page_id=5210"},"modified":"2025-10-03T11:54:09","modified_gmt":"2025-10-03T09:54:09","slug":"horaires-tarifs","status":"publish","type":"page","link":"https:\/\/kartingagadir.com\/en\/horaires-tarifs\/","title":{"rendered":"Horaires &#038; Tarifs"},"content":{"rendered":"<div data-elementor-type=\"wp-post\" data-elementor-id=\"5210\" class=\"elementor elementor-5210\">\n\t\t\t\t<div class=\"elementor-element elementor-element-61a7721 e-con-full e-flex e-con e-parent\" data-id=\"61a7721\" data-element_type=\"container\" data-settings=\"{&quot;background_background&quot;:&quot;classic&quot;}\">\n\t\t\t\t<div class=\"elementor-element elementor-element-d0c375e elementor-widget__width-inherit elementor-widget elementor-widget-image\" data-id=\"d0c375e\" data-element_type=\"widget\" data-widget_type=\"image.default\">\n\t\t\t\t<div class=\"elementor-widget-container\">\n\t\t\t        <div class=\"elementor-image\">\n                                                <img fetchpriority=\"high\" decoding=\"async\" width=\"2048\" height=\"803\" src=\"https:\/\/kartingagadir.com\/wp-content\/uploads\/2024\/05\/HT-2.jpeg\" class=\"attachment-full size-full wp-image-5372\" alt=\"\" srcset=\"https:\/\/kartingagadir.com\/wp-content\/uploads\/2024\/05\/HT-2.jpeg 2048w, https:\/\/kartingagadir.com\/wp-content\/uploads\/2024\/05\/HT-2-300x118.jpeg 300w, https:\/\/kartingagadir.com\/wp-content\/uploads\/2024\/05\/HT-2-1024x402.jpeg 1024w, https:\/\/kartingagadir.com\/wp-content\/uploads\/2024\/05\/HT-2-768x301.jpeg 768w, https:\/\/kartingagadir.com\/wp-content\/uploads\/2024\/05\/HT-2-1536x602.jpeg 1536w, https:\/\/kartingagadir.com\/wp-content\/uploads\/2024\/05\/HT-2-400x157.jpeg 400w, https:\/\/kartingagadir.com\/wp-content\/uploads\/2024\/05\/HT-2-600x235.jpeg 600w\" sizes=\"(max-width: 2048px) 100vw, 2048px\" \/>                                                            <\/div>\n        \t\t<\/div>\n\t\t\t\t<\/div>\n\t\t\t\t<\/div>\n\t\t\t\t<section class=\"elementor-section elementor-top-section elementor-element elementor-element-b225e54 elementor-section-boxed elementor-section-height-default elementor-section-height-default\" data-id=\"b225e54\" data-element_type=\"section\">\n\t\t\t\t\t\t<div class=\"elementor-container elementor-column-gap-default\">\n\t\t\t\t\t<div class=\"elementor-column elementor-col-100 elementor-top-column elementor-element elementor-element-ca42837\" data-id=\"ca42837\" data-element_type=\"column\">\n\t\t\t<div class=\"elementor-widget-wrap elementor-element-populated\">\n\t\t\t\t\t\t<div class=\"elementor-element elementor-element-0312e00 animated-fast elementor-invisible elementor-widget elementor-widget-heading\" data-id=\"0312e00\" data-element_type=\"widget\" data-settings=\"{&quot;_animation&quot;:&quot;opal-move-up&quot;}\" data-widget_type=\"heading.default\">\n\t\t\t\t<div class=\"elementor-widget-container\">\n\t\t\t<h2 class=\"elementor-heading-title elementor-size-default\">OUR PRICES<\/h2>\t\t<\/div>\n\t\t\t\t<\/div>\n\t\t\t\t<section class=\"elementor-section elementor-inner-section elementor-element elementor-element-a6731d5 elementor-section-boxed elementor-section-height-default elementor-section-height-default\" data-id=\"a6731d5\" data-element_type=\"section\">\n\t\t\t\t\t\t<div class=\"elementor-container elementor-column-gap-default\">\n\t\t\t\t\t<div class=\"elementor-column elementor-col-33 elementor-inner-column elementor-element elementor-element-d887348\" data-id=\"d887348\" data-element_type=\"column\">\n\t\t\t<div class=\"elementor-widget-wrap elementor-element-populated\">\n\t\t\t\t\t\t<div class=\"elementor-element elementor-element-982ceac animated-fast elementor-position-top elementor-vertical-align-top elementor-invisible elementor-widget elementor-widget-image-box\" data-id=\"982ceac\" data-element_type=\"widget\" data-settings=\"{&quot;_animation&quot;:&quot;opal-move-right&quot;}\" data-widget_type=\"image-box.default\">\n\t\t\t\t<div class=\"elementor-widget-container\">\n\t\t\t<div class=\"elementor-image-box-wrapper\"><div class=\"elementor-image-framed\"><figure class=\"elementor-image-box-img\"><img decoding=\"async\" width=\"2048\" height=\"803\" src=\"https:\/\/kartingagadir.com\/wp-content\/uploads\/2024\/05\/karting-kids.png\" class=\"attachment-full size-full wp-image-5405\" alt=\"\" srcset=\"https:\/\/kartingagadir.com\/wp-content\/uploads\/2024\/05\/karting-kids.png 2048w, https:\/\/kartingagadir.com\/wp-content\/uploads\/2024\/05\/karting-kids-300x118.png 300w, https:\/\/kartingagadir.com\/wp-content\/uploads\/2024\/05\/karting-kids-1024x402.png 1024w, https:\/\/kartingagadir.com\/wp-content\/uploads\/2024\/05\/karting-kids-768x301.png 768w, https:\/\/kartingagadir.com\/wp-content\/uploads\/2024\/05\/karting-kids-1536x602.png 1536w, https:\/\/kartingagadir.com\/wp-content\/uploads\/2024\/05\/karting-kids-400x157.png 400w, https:\/\/kartingagadir.com\/wp-content\/uploads\/2024\/05\/karting-kids-600x235.png 600w\" sizes=\"(max-width: 2048px) 100vw, 2048px\" \/><\/figure><\/div><div class=\"elementor-image-box-content\"><div class=\"elementor-image-box-sub-title\">KARTING KIDS<\/div><h3 class=\"elementor-image-box-title\">from <\/h3><p class=\"elementor-image-box-description\">55 DIRHAMS<\/p><\/div><\/div>\t\t<\/div>\n\t\t\t\t<\/div>\n\t\t\t\t\t<\/div>\n\t\t<\/div>\n\t\t\t\t<div class=\"elementor-column elementor-col-33 elementor-inner-column elementor-element elementor-element-1179cfc\" data-id=\"1179cfc\" data-element_type=\"column\">\n\t\t\t<div class=\"elementor-widget-wrap elementor-element-populated\">\n\t\t\t\t\t\t<div class=\"elementor-element elementor-element-a587c71 animated-fast elementor-position-top elementor-vertical-align-top elementor-invisible elementor-widget elementor-widget-image-box\" data-id=\"a587c71\" data-element_type=\"widget\" data-settings=\"{&quot;_animation&quot;:&quot;opal-move-right&quot;}\" data-widget_type=\"image-box.default\">\n\t\t\t\t<div class=\"elementor-widget-container\">\n\t\t\t<div class=\"elementor-image-box-wrapper\"><div class=\"elementor-image-framed\"><figure class=\"elementor-image-box-img\"><img decoding=\"async\" width=\"2048\" height=\"803\" src=\"https:\/\/kartingagadir.com\/wp-content\/uploads\/2024\/05\/karting-adultes-1.png\" class=\"attachment-full size-full wp-image-5410\" alt=\"\" srcset=\"https:\/\/kartingagadir.com\/wp-content\/uploads\/2024\/05\/karting-adultes-1.png 2048w, https:\/\/kartingagadir.com\/wp-content\/uploads\/2024\/05\/karting-adultes-1-300x118.png 300w, https:\/\/kartingagadir.com\/wp-content\/uploads\/2024\/05\/karting-adultes-1-1024x402.png 1024w, https:\/\/kartingagadir.com\/wp-content\/uploads\/2024\/05\/karting-adultes-1-768x301.png 768w, https:\/\/kartingagadir.com\/wp-content\/uploads\/2024\/05\/karting-adultes-1-1536x602.png 1536w, https:\/\/kartingagadir.com\/wp-content\/uploads\/2024\/05\/karting-adultes-1-400x157.png 400w, https:\/\/kartingagadir.com\/wp-content\/uploads\/2024\/05\/karting-adultes-1-600x235.png 600w\" sizes=\"(max-width: 2048px) 100vw, 2048px\" \/><\/figure><\/div><div class=\"elementor-image-box-content\"><div class=\"elementor-image-box-sub-title\">ADULT GO KART<\/div><h3 class=\"elementor-image-box-title\">from <\/h3><p class=\"elementor-image-box-description\">99 DIRHAMS<\/p><\/div><\/div>\t\t<\/div>\n\t\t\t\t<\/div>\n\t\t\t\t\t<\/div>\n\t\t<\/div>\n\t\t\t\t<div class=\"elementor-column elementor-col-33 elementor-inner-column elementor-element elementor-element-e93f152\" data-id=\"e93f152\" data-element_type=\"column\">\n\t\t\t<div class=\"elementor-widget-wrap elementor-element-populated\">\n\t\t\t\t\t\t<div class=\"elementor-element elementor-element-3896a37 animated-fast elementor-position-top elementor-vertical-align-top elementor-invisible elementor-widget elementor-widget-image-box\" data-id=\"3896a37\" data-element_type=\"widget\" data-settings=\"{&quot;_animation&quot;:&quot;opal-move-right&quot;}\" data-widget_type=\"image-box.default\">\n\t\t\t\t<div class=\"elementor-widget-container\">\n\t\t\t<div class=\"elementor-image-box-wrapper\"><div class=\"elementor-image-framed\"><figure class=\"elementor-image-box-img\"><img loading=\"lazy\" decoding=\"async\" width=\"2048\" height=\"803\" src=\"https:\/\/kartingagadir.com\/wp-content\/uploads\/2024\/05\/XTREME-BASE.png\" class=\"attachment-full size-full wp-image-5412\" alt=\"\" srcset=\"https:\/\/kartingagadir.com\/wp-content\/uploads\/2024\/05\/XTREME-BASE.png 2048w, https:\/\/kartingagadir.com\/wp-content\/uploads\/2024\/05\/XTREME-BASE-300x118.png 300w, https:\/\/kartingagadir.com\/wp-content\/uploads\/2024\/05\/XTREME-BASE-1024x402.png 1024w, https:\/\/kartingagadir.com\/wp-content\/uploads\/2024\/05\/XTREME-BASE-768x301.png 768w, https:\/\/kartingagadir.com\/wp-content\/uploads\/2024\/05\/XTREME-BASE-1536x602.png 1536w, https:\/\/kartingagadir.com\/wp-content\/uploads\/2024\/05\/XTREME-BASE-400x157.png 400w, https:\/\/kartingagadir.com\/wp-content\/uploads\/2024\/05\/XTREME-BASE-600x235.png 600w\" sizes=\"(max-width: 2048px) 100vw, 2048px\" \/><\/figure><\/div><div class=\"elementor-image-box-content\"><div class=\"elementor-image-box-sub-title\">XTR\u00caME BASE<\/div><h3 class=\"elementor-image-box-title\">from<\/h3><p class=\"elementor-image-box-description\">20 DIRHAMS<\/p><\/div><\/div>\t\t<\/div>\n\t\t\t\t<\/div>\n\t\t\t\t\t<\/div>\n\t\t<\/div>\n\t\t\t\t\t<\/div>\n\t\t<\/section>\n\t\t\t\t\t<\/div>\n\t\t<\/div>\n\t\t\t\t\t<\/div>\n\t\t<\/section>\n\t\t<div class=\"elementor-element elementor-element-a7bfa4f e-flex e-con-boxed e-con e-parent\" data-id=\"a7bfa4f\" data-element_type=\"container\">\n\t\t\t\t\t<div class=\"e-con-inner\">\n\t\t\t\t<div class=\"elementor-element elementor-element-636eb28 elementor-widget elementor-widget-spacer\" data-id=\"636eb28\" data-element_type=\"widget\" data-widget_type=\"spacer.default\">\n\t\t\t\t<div class=\"elementor-widget-container\">\n\t\t\t\t\t<div class=\"elementor-spacer\">\n\t\t\t<div class=\"elementor-spacer-inner\"><\/div>\n\t\t<\/div>\n\t\t\t\t<\/div>\n\t\t\t\t<\/div>\n\t\t\t\t\t<\/div>\n\t\t\t\t<\/div>\n\t\t\t\t<section class=\"elementor-section elementor-top-section elementor-element elementor-element-9f33a05 elementor-section-boxed elementor-section-height-default elementor-section-height-default\" data-id=\"9f33a05\" data-element_type=\"section\">\n\t\t\t\t\t\t<div class=\"elementor-container elementor-column-gap-default\">\n\t\t\t\t\t<div class=\"elementor-column elementor-col-100 elementor-top-column elementor-element elementor-element-80defe7\" data-id=\"80defe7\" data-element_type=\"column\">\n\t\t\t<div class=\"elementor-widget-wrap elementor-element-populated\">\n\t\t\t\t\t\t<div class=\"elementor-element elementor-element-ac33b96 animated-fast elementor-invisible elementor-widget elementor-widget-heading\" data-id=\"ac33b96\" data-element_type=\"widget\" data-settings=\"{&quot;_animation&quot;:&quot;opal-move-up&quot;}\" data-widget_type=\"heading.default\">\n\t\t\t\t<div class=\"elementor-widget-container\">\n\t\t\t<h2 class=\"elementor-heading-title elementor-size-default\">SCHEDULES<\/h2>\t\t<\/div>\n\t\t\t\t<\/div>\n\t\t\t\t<section class=\"elementor-section elementor-inner-section elementor-element elementor-element-b03ea13 elementor-section-boxed elementor-section-height-default elementor-section-height-default\" data-id=\"b03ea13\" data-element_type=\"section\">\n\t\t\t\t\t\t<div class=\"elementor-container elementor-column-gap-default\">\n\t\t\t\t\t<div class=\"elementor-column elementor-col-33 elementor-inner-column elementor-element elementor-element-d0a3079\" data-id=\"d0a3079\" data-element_type=\"column\">\n\t\t\t<div class=\"elementor-widget-wrap elementor-element-populated\">\n\t\t\t\t\t\t<div class=\"elementor-element elementor-element-f8ae613 animated-fast elementor-position-top elementor-vertical-align-top elementor-invisible elementor-widget elementor-widget-image-box\" data-id=\"f8ae613\" data-element_type=\"widget\" data-settings=\"{&quot;_animation&quot;:&quot;opal-move-right&quot;}\" data-widget_type=\"image-box.default\">\n\t\t\t\t<div class=\"elementor-widget-container\">\n\t\t\t<div class=\"elementor-image-box-wrapper\"><div class=\"elementor-image-framed\"><figure class=\"elementor-image-box-img\"><img loading=\"lazy\" decoding=\"async\" width=\"2048\" height=\"803\" src=\"https:\/\/kartingagadir.com\/wp-content\/uploads\/2024\/05\/HORAIRES.png\" class=\"attachment-full size-full wp-image-5389\" alt=\"\" srcset=\"https:\/\/kartingagadir.com\/wp-content\/uploads\/2024\/05\/HORAIRES.png 2048w, https:\/\/kartingagadir.com\/wp-content\/uploads\/2024\/05\/HORAIRES-300x118.png 300w, https:\/\/kartingagadir.com\/wp-content\/uploads\/2024\/05\/HORAIRES-1024x402.png 1024w, https:\/\/kartingagadir.com\/wp-content\/uploads\/2024\/05\/HORAIRES-768x301.png 768w, https:\/\/kartingagadir.com\/wp-content\/uploads\/2024\/05\/HORAIRES-1536x602.png 1536w, https:\/\/kartingagadir.com\/wp-content\/uploads\/2024\/05\/HORAIRES-400x157.png 400w, https:\/\/kartingagadir.com\/wp-content\/uploads\/2024\/05\/HORAIRES-600x235.png 600w\" sizes=\"(max-width: 2048px) 100vw, 2048px\" \/><\/figure><\/div><div class=\"elementor-image-box-content\"><div class=\"elementor-image-box-sub-title\">MONDAY TO FRIDAY <\/div><h3 class=\"elementor-image-box-title\">de 10h \u00e0 20h<\/h3><\/div><\/div>\t\t<\/div>\n\t\t\t\t<\/div>\n\t\t\t\t\t<\/div>\n\t\t<\/div>\n\t\t\t\t<div class=\"elementor-column elementor-col-33 elementor-inner-column elementor-element elementor-element-610c397\" data-id=\"610c397\" data-element_type=\"column\">\n\t\t\t<div class=\"elementor-widget-wrap elementor-element-populated\">\n\t\t\t\t\t\t<div class=\"elementor-element elementor-element-dab5e84 animated-fast elementor-position-top elementor-vertical-align-top elementor-invisible elementor-widget elementor-widget-image-box\" data-id=\"dab5e84\" data-element_type=\"widget\" data-settings=\"{&quot;_animation&quot;:&quot;opal-move-right&quot;}\" data-widget_type=\"image-box.default\">\n\t\t\t\t<div class=\"elementor-widget-container\">\n\t\t\t<div class=\"elementor-image-box-wrapper\"><div class=\"elementor-image-framed\"><figure class=\"elementor-image-box-img\"><img loading=\"lazy\" decoding=\"async\" width=\"2048\" height=\"803\" src=\"https:\/\/kartingagadir.com\/wp-content\/uploads\/2024\/05\/HORAIRES.png\" class=\"attachment-full size-full wp-image-5389\" alt=\"\" srcset=\"https:\/\/kartingagadir.com\/wp-content\/uploads\/2024\/05\/HORAIRES.png 2048w, https:\/\/kartingagadir.com\/wp-content\/uploads\/2024\/05\/HORAIRES-300x118.png 300w, https:\/\/kartingagadir.com\/wp-content\/uploads\/2024\/05\/HORAIRES-1024x402.png 1024w, https:\/\/kartingagadir.com\/wp-content\/uploads\/2024\/05\/HORAIRES-768x301.png 768w, https:\/\/kartingagadir.com\/wp-content\/uploads\/2024\/05\/HORAIRES-1536x602.png 1536w, https:\/\/kartingagadir.com\/wp-content\/uploads\/2024\/05\/HORAIRES-400x157.png 400w, https:\/\/kartingagadir.com\/wp-content\/uploads\/2024\/05\/HORAIRES-600x235.png 600w\" sizes=\"(max-width: 2048px) 100vw, 2048px\" \/><\/figure><\/div><div class=\"elementor-image-box-content\"><div class=\"elementor-image-box-sub-title\">SATURDAY<\/div><h3 class=\"elementor-image-box-title\">de 10h \u00e0 22h<\/h3><\/div><\/div>\t\t<\/div>\n\t\t\t\t<\/div>\n\t\t\t\t\t<\/div>\n\t\t<\/div>\n\t\t\t\t<div class=\"elementor-column elementor-col-33 elementor-inner-column elementor-element elementor-element-541f92e\" data-id=\"541f92e\" data-element_type=\"column\">\n\t\t\t<div class=\"elementor-widget-wrap elementor-element-populated\">\n\t\t\t\t\t\t<div class=\"elementor-element elementor-element-96fa167 animated-fast elementor-position-top elementor-vertical-align-top elementor-invisible elementor-widget elementor-widget-image-box\" data-id=\"96fa167\" data-element_type=\"widget\" data-settings=\"{&quot;_animation&quot;:&quot;opal-move-right&quot;}\" data-widget_type=\"image-box.default\">\n\t\t\t\t<div class=\"elementor-widget-container\">\n\t\t\t<div class=\"elementor-image-box-wrapper\"><div class=\"elementor-image-framed\"><figure class=\"elementor-image-box-img\"><img loading=\"lazy\" decoding=\"async\" width=\"2048\" height=\"803\" src=\"https:\/\/kartingagadir.com\/wp-content\/uploads\/2024\/05\/HORAIRES.png\" class=\"attachment-full size-full wp-image-5389\" alt=\"\" srcset=\"https:\/\/kartingagadir.com\/wp-content\/uploads\/2024\/05\/HORAIRES.png 2048w, https:\/\/kartingagadir.com\/wp-content\/uploads\/2024\/05\/HORAIRES-300x118.png 300w, https:\/\/kartingagadir.com\/wp-content\/uploads\/2024\/05\/HORAIRES-1024x402.png 1024w, https:\/\/kartingagadir.com\/wp-content\/uploads\/2024\/05\/HORAIRES-768x301.png 768w, https:\/\/kartingagadir.com\/wp-content\/uploads\/2024\/05\/HORAIRES-1536x602.png 1536w, https:\/\/kartingagadir.com\/wp-content\/uploads\/2024\/05\/HORAIRES-400x157.png 400w, https:\/\/kartingagadir.com\/wp-content\/uploads\/2024\/05\/HORAIRES-600x235.png 600w\" sizes=\"(max-width: 2048px) 100vw, 2048px\" \/><\/figure><\/div><div class=\"elementor-image-box-content\"><div class=\"elementor-image-box-sub-title\">SUNDAY<\/div><h3 class=\"elementor-image-box-title\">de 10h \u00e0 20h<\/h3><\/div><\/div>\t\t<\/div>\n\t\t\t\t<\/div>\n\t\t\t\t\t<\/div>\n\t\t<\/div>\n\t\t\t\t\t<\/div>\n\t\t<\/section>\n\t\t\t\t\t<\/div>\n\t\t<\/div>\n\t\t\t\t\t<\/div>\n\t\t<\/section>\n\t\t<div class=\"elementor-element elementor-element-afa25c3 e-flex e-con-boxed e-con e-parent\" data-id=\"afa25c3\" data-element_type=\"container\">\n\t\t\t\t\t<div class=\"e-con-inner\">\n\t\t<div class=\"elementor-element elementor-element-b34e82c e-flex e-con-boxed e-con e-child\" data-id=\"b34e82c\" data-element_type=\"container\">\n\t\t\t\t\t<div class=\"e-con-inner\">\n\t\t\t\t\t<\/div>\n\t\t\t\t<\/div>\n\t\t\t\t\t<\/div>\n\t\t\t\t<\/div>\n\t\t<div class=\"elementor-element elementor-element-9d53f21 e-flex e-con-boxed e-con e-parent\" data-id=\"9d53f21\" data-element_type=\"container\">\n\t\t\t\t\t<div class=\"e-con-inner\">\n\t\t<div class=\"elementor-element elementor-element-5ca9495 e-flex e-con-boxed e-con e-child\" data-id=\"5ca9495\" data-element_type=\"container\">\n\t\t\t\t\t<div class=\"e-con-inner\">\n\t\t\t\t<div class=\"elementor-element elementor-element-b59f450 elementor-widget elementor-widget-heading\" data-id=\"b59f450\" data-element_type=\"widget\" data-widget_type=\"heading.default\">\n\t\t\t\t<div class=\"elementor-widget-container\">\n\t\t\t<h2 class=\"elementor-heading-title elementor-size-default\">JOIN US !<\/h2>\t\t<\/div>\n\t\t\t\t<\/div>\n\t\t\t\t\t<\/div>\n\t\t\t\t<\/div>\n\t\t\t\t\t<\/div>\n\t\t\t\t<\/div>\n\t\t<div class=\"elementor-element elementor-element-c154be5 e-flex e-con-boxed e-con e-parent\" data-id=\"c154be5\" data-element_type=\"container\">\n\t\t\t\t\t<div class=\"e-con-inner\">\n\t\t<div class=\"elementor-element elementor-element-ad21683 e-flex e-con-boxed e-con e-child\" data-id=\"ad21683\" data-element_type=\"container\">\n\t\t\t\t\t<div class=\"e-con-inner\">\n\t\t\t\t<div class=\"elementor-element elementor-element-7127735 elementor-widget elementor-widget-google_maps\" data-id=\"7127735\" data-element_type=\"widget\" data-widget_type=\"google_maps.default\">\n\t\t\t\t<div class=\"elementor-widget-container\">\n\t\t\t\t\t<div class=\"elementor-custom-embed\">\n\t\t\t<iframe loading=\"lazy\"\n\t\t\t\t\tsrc=\"https:\/\/maps.google.com\/maps?q=karting%20agadir&#038;t=m&#038;z=14&#038;output=embed&#038;iwloc=near\"\n\t\t\t\t\ttitle=\"karting agadir\"\n\t\t\t\t\taria-label=\"karting agadir\"\n\t\t\t><\/iframe>\n\t\t<\/div>\n\t\t\t\t<\/div>\n\t\t\t\t<\/div>\n\t\t\t\t\t<\/div>\n\t\t\t\t<\/div>\n\t\t\t\t\t<\/div>\n\t\t\t\t<\/div>\n\t\t\t\t<\/div>","protected":false},"excerpt":{"rendered":"<p>NOS TARIFS KARTING KIDS \u00e0 partir de 55 DIRHAMS KARTING ADULTES \u00e0 partir de 99 DIRHAMS XTR\u00caME BASE \u00e0 partir de 20 DIRHAMS HORAIRES LUNDI AU VENDREDI de 10h \u00e0 20h SAMEDI de 10h \u00e0 22h DIMANCHE de 10h \u00e0 20h NOUS TROUVER<\/p>","protected":false},"author":1,"featured_media":0,"parent":0,"menu_order":0,"comment_status":"closed","ping_status":"closed","template":"","meta":{"_monsterinsights_skip_tracking":false,"_monsterinsights_sitenote_active":false,"_monsterinsights_sitenote_note":"","_monsterinsights_sitenote_category":0,"footnotes":""},"class_list":["post-5210","page","type-page","status-publish","hentry"],"aioseo_notices":[],"_links":{"self":[{"href":"https:\/\/kartingagadir.com\/en\/wp-json\/wp\/v2\/pages\/5210","targetHints":{"allow":["GET"]}}],"collection":[{"href":"https:\/\/kartingagadir.com\/en\/wp-json\/wp\/v2\/pages"}],"about":[{"href":"https:\/\/kartingagadir.com\/en\/wp-json\/wp\/v2\/types\/page"}],"author":[{"embeddable":true,"href":"https:\/\/kartingagadir.com\/en\/wp-json\/wp\/v2\/users\/1"}],"replies":[{"embeddable":true,"href":"https:\/\/kartingagadir.com\/en\/wp-json\/wp\/v2\/comments?post=5210"}],"version-history":[{"count":163,"href":"https:\/\/kartingagadir.com\/en\/wp-json\/wp\/v2\/pages\/5210\/revisions"}],"predecessor-version":[{"id":7039,"href":"https:\/\/kartingagadir.com\/en\/wp-json\/wp\/v2\/pages\/5210\/revisions\/7039"}],"wp:attachment":[{"href":"https:\/\/kartingagadir.com\/en\/wp-json\/wp\/v2\/media?parent=5210"}],"curies":[{"name":"wp","href":"https:\/\/api.w.org\/{rel}","templated":true}]}}