{"id":4828,"date":"2018-09-10T02:56:22","date_gmt":"2018-09-10T02:56:22","guid":{"rendered":"https:\/\/demo2wpopal.b-cdn.net\/auros\/?page_id=13"},"modified":"2024-05-14T10:39:32","modified_gmt":"2024-05-14T08:39:32","slug":"about-us","status":"publish","type":"page","link":"https:\/\/kartingagadir.com\/en\/about-us\/","title":{"rendered":"ABOUT US"},"content":{"rendered":"<div data-elementor-type=\"wp-post\" data-elementor-id=\"4828\" class=\"elementor elementor-4828\">\n\t\t\t\t\t\t<section class=\"elementor-section elementor-top-section elementor-element elementor-element-67b8099 elementor-section-boxed elementor-section-height-default elementor-section-height-default\" data-id=\"67b8099\" data-element_type=\"section\">\n\t\t\t\t\t\t<div class=\"elementor-container elementor-column-gap-default\">\n\t\t\t\t\t<div class=\"elementor-column elementor-col-100 elementor-top-column elementor-element elementor-element-4e0b897\" data-id=\"4e0b897\" data-element_type=\"column\">\n\t\t\t<div class=\"elementor-widget-wrap elementor-element-populated\">\n\t\t\t\t\t\t<div class=\"elementor-element elementor-element-b19034e elementor-invisible elementor-widget elementor-widget-heading\" data-id=\"b19034e\" data-element_type=\"widget\" data-settings=\"{&quot;_animation&quot;:&quot;fadeInUp&quot;}\" data-widget_type=\"heading.default\">\n\t\t\t\t<div class=\"elementor-widget-container\">\n\t\t\t<h2 class=\"elementor-heading-title elementor-size-default\"><h2 style=\"text-align: center; white-space-collapse: collapse; text-size-adjust: auto; color: rgb(32, 32, 32); font-size: 26px; font-family: Montserrat, sans-serif; text-transform: uppercase;\">WELCOME TO KARTING AGADIR<\/h2><\/h2>\t\t<\/div>\n\t\t\t\t<\/div>\n\t\t\t\t\t<\/div>\n\t\t<\/div>\n\t\t\t\t\t<\/div>\n\t\t<\/section>\n\t\t\t\t<section class=\"elementor-section elementor-top-section elementor-element elementor-element-dba616d elementor-section-boxed elementor-section-height-default elementor-section-height-default\" data-id=\"dba616d\" data-element_type=\"section\">\n\t\t\t\t\t\t<div class=\"elementor-container elementor-column-gap-default\">\n\t\t\t\t\t<div class=\"elementor-column elementor-col-50 elementor-top-column elementor-element elementor-element-61b4377 animated-fast elementor-invisible\" data-id=\"61b4377\" data-element_type=\"column\" data-settings=\"{&quot;animation&quot;:&quot;opal-move-right&quot;}\">\n\t\t\t<div class=\"elementor-widget-wrap elementor-element-populated\">\n\t\t\t\t\t\t<div class=\"elementor-element elementor-element-bf10f18 elementor-invisible elementor-widget elementor-widget-text-editor\" data-id=\"bf10f18\" data-element_type=\"widget\" data-settings=\"{&quot;_animation&quot;:&quot;fadeInUp&quot;}\" data-widget_type=\"text-editor.default\">\n\t\t\t\t<div class=\"elementor-widget-container\">\n\t\t\t\t\t<div class=\"elementor-text-editor elementor-clearfix\"><p class=\" translation-block\">Welcome to Karting Agadir, just outside Agadir city limits. Karting Agadir features a 1200-meter track designed to thrill even the most passionate drivers. With fast straights and challenging corners, each lap presents a unique challenge where the best stand out.<\/p><p class=\" translation-block\">Enjoy our dedicated circuits, including 900 meters for adult leisure karting and 300 meters for children's leisure karting.<\/p><p class=\" translation-block\">But that's not all! Our Xtreme Base park awaits you with activities such as tree climbing, ziplining, climbing, trampoline, and airbag for even more exhilarating moments!<\/p><p class=\" translation-block\">Are you ready for a day full of fun at Karting Agadir?<\/p><\/div>\n\t\t\t\t<\/div>\n\t\t\t\t<\/div>\n\t\t\t\t\t<\/div>\n\t\t<\/div>\n\t\t\t\t<div class=\"elementor-column elementor-col-50 elementor-top-column elementor-element elementor-element-ca6d932 animated-fast elementor-invisible\" data-id=\"ca6d932\" data-element_type=\"column\" data-settings=\"{&quot;animation&quot;:&quot;opal-move-left&quot;}\">\n\t\t\t<div class=\"elementor-widget-wrap elementor-element-populated\">\n\t\t\t\t\t\t<div class=\"elementor-element elementor-element-5d21fc3 elementor-invisible elementor-widget elementor-widget-image\" data-id=\"5d21fc3\" data-element_type=\"widget\" data-settings=\"{&quot;_animation&quot;:&quot;fadeInRight&quot;}\" data-widget_type=\"image.default\">\n\t\t\t\t<div class=\"elementor-widget-container\">\n\t\t\t        <div class=\"elementor-image\">\n                                                <img fetchpriority=\"high\" decoding=\"async\" width=\"600\" height=\"400\" src=\"https:\/\/kartingagadir.com\/wp-content\/uploads\/2024\/05\/18-1024x683.jpg\" class=\"attachment-large size-large wp-image-5057\" alt=\"\" srcset=\"https:\/\/kartingagadir.com\/wp-content\/uploads\/2024\/05\/18-1024x683.jpg 1024w, https:\/\/kartingagadir.com\/wp-content\/uploads\/2024\/05\/18-300x200.jpg 300w, https:\/\/kartingagadir.com\/wp-content\/uploads\/2024\/05\/18-768x512.jpg 768w, https:\/\/kartingagadir.com\/wp-content\/uploads\/2024\/05\/18-1536x1024.jpg 1536w, https:\/\/kartingagadir.com\/wp-content\/uploads\/2024\/05\/18-400x267.jpg 400w, https:\/\/kartingagadir.com\/wp-content\/uploads\/2024\/05\/18-600x400.jpg 600w, https:\/\/kartingagadir.com\/wp-content\/uploads\/2024\/05\/18.jpg 2048w\" sizes=\"(max-width: 600px) 100vw, 600px\" \/>                                                            <\/div>\n        \t\t<\/div>\n\t\t\t\t<\/div>\n\t\t\t\t\t<\/div>\n\t\t<\/div>\n\t\t\t\t\t<\/div>\n\t\t<\/section>\n\t\t<div class=\"elementor-element elementor-element-6581596 e-flex e-con-boxed e-con e-parent\" data-id=\"6581596\" data-element_type=\"container\">\n\t\t\t\t\t<div class=\"e-con-inner\">\n\t\t<div class=\"elementor-element elementor-element-9ec18a3 e-flex e-con-boxed e-con e-child\" data-id=\"9ec18a3\" data-element_type=\"container\">\n\t\t\t\t\t<div class=\"e-con-inner\">\n\t\t<div class=\"elementor-element elementor-element-ca17ef6 e-flex e-con-boxed e-con e-child\" data-id=\"ca17ef6\" data-element_type=\"container\">\n\t\t\t\t\t<div class=\"e-con-inner\">\n\t\t\t\t<div class=\"elementor-element elementor-element-2de638f elementor-widget elementor-widget-image\" data-id=\"2de638f\" data-element_type=\"widget\" data-widget_type=\"image.default\">\n\t\t\t\t<div class=\"elementor-widget-container\">\n\t\t\t        <div class=\"elementor-image\">\n                                                <img decoding=\"async\" width=\"7\" height=\"126\" src=\"https:\/\/kartingagadir.com\/wp-content\/uploads\/2024\/05\/separateur.png\" class=\"attachment-large size-large wp-image-5026\" alt=\"\" \/>                                                            <\/div>\n        \t\t<\/div>\n\t\t\t\t<\/div>\n\t\t\t\t\t<\/div>\n\t\t\t\t<\/div>\n\t\t\t\t\t<\/div>\n\t\t\t\t<\/div>\n\t\t\t\t\t<\/div>\n\t\t\t\t<\/div>\n\t\t<div class=\"elementor-element elementor-element-4aef0bc e-flex e-con-boxed e-con e-parent\" data-id=\"4aef0bc\" data-element_type=\"container\">\n\t\t\t\t\t<div class=\"e-con-inner\">\n\t\t<div class=\"elementor-element elementor-element-a09a268 e-flex e-con-boxed e-con e-child\" data-id=\"a09a268\" data-element_type=\"container\">\n\t\t\t\t\t<div class=\"e-con-inner\">\n\t\t<div class=\"elementor-element elementor-element-79eff6e e-flex e-con-boxed e-con e-child\" data-id=\"79eff6e\" data-element_type=\"container\">\n\t\t\t\t\t<div class=\"e-con-inner\">\n\t\t\t\t<div class=\"elementor-element elementor-element-8e977aa elementor-widget elementor-widget-heading\" data-id=\"8e977aa\" data-element_type=\"widget\" data-widget_type=\"heading.default\">\n\t\t\t\t<div class=\"elementor-widget-container\">\n\t\t\t<h2 class=\"elementor-heading-title elementor-size-default\">JOIN US !<\/h2>\t\t<\/div>\n\t\t\t\t<\/div>\n\t\t\t\t\t<\/div>\n\t\t\t\t<\/div>\n\t\t\t\t\t<\/div>\n\t\t\t\t<\/div>\n\t\t\t\t\t<\/div>\n\t\t\t\t<\/div>\n\t\t<div class=\"elementor-element elementor-element-7099589 e-flex e-con-boxed e-con e-parent\" data-id=\"7099589\" data-element_type=\"container\">\n\t\t\t\t\t<div class=\"e-con-inner\">\n\t\t\t\t<div class=\"elementor-element elementor-element-661127b elementor-widget elementor-widget-google_maps\" data-id=\"661127b\" data-element_type=\"widget\" data-widget_type=\"google_maps.default\">\n\t\t\t\t<div class=\"elementor-widget-container\">\n\t\t\t\t\t<div class=\"elementor-custom-embed\">\n\t\t\t<iframe loading=\"lazy\"\n\t\t\t\t\tsrc=\"https:\/\/maps.google.com\/maps?q=karting%20agadir&#038;t=m&#038;z=14&#038;output=embed&#038;iwloc=near\"\n\t\t\t\t\ttitle=\"karting agadir\"\n\t\t\t\t\taria-label=\"karting agadir\"\n\t\t\t><\/iframe>\n\t\t<\/div>\n\t\t\t\t<\/div>\n\t\t\t\t<\/div>\n\t\t\t\t\t<\/div>\n\t\t\t\t<\/div>\n\t\t\t\t<\/div>","protected":false},"excerpt":{"rendered":"<p>BIENVENUE AU KARTING AGADIR Aux portes d\u2019Agadir, le\u00a0Karting Agadir\u00a0offre une piste de\u00a01200 m\u00e8tres\u00a0con\u00e7ue pour s\u00e9duire les pilotes les plus passionn\u00e9s.\u00a0 Entre sections rapides et virages techniques, chaque tour offre un d\u00e9fi unique o\u00f9 se distinguent les meilleurs.\u00a0 Profitez \u00e9galement de nos circuits d\u00e9di\u00e9s avec 900 m\u00e8tres pour le\u00a0karting loisir adulte\u00a0et 300 m\u00e8tres pour le\u00a0karting loisir &hellip; <\/p>\n<p class=\"link-more\"><a href=\"https:\/\/kartingagadir.com\/en\/about-us\/\" class=\"more-link\">Read More <span class=\"screen-reader-text\"> \u00ab\u00a0ABOUT US\u00a0\u00bb<\/span><\/a><\/p>","protected":false},"author":1,"featured_media":0,"parent":0,"menu_order":0,"comment_status":"closed","ping_status":"closed","template":"elementor_header_footer","meta":{"footnotes":""},"class_list":["post-4828","page","type-page","status-publish","hentry"],"aioseo_notices":[],"_links":{"self":[{"href":"https:\/\/kartingagadir.com\/en\/wp-json\/wp\/v2\/pages\/4828","targetHints":{"allow":["GET"]}}],"collection":[{"href":"https:\/\/kartingagadir.com\/en\/wp-json\/wp\/v2\/pages"}],"about":[{"href":"https:\/\/kartingagadir.com\/en\/wp-json\/wp\/v2\/types\/page"}],"author":[{"embeddable":true,"href":"https:\/\/kartingagadir.com\/en\/wp-json\/wp\/v2\/users\/1"}],"replies":[{"embeddable":true,"href":"https:\/\/kartingagadir.com\/en\/wp-json\/wp\/v2\/comments?post=4828"}],"version-history":[{"count":25,"href":"https:\/\/kartingagadir.com\/en\/wp-json\/wp\/v2\/pages\/4828\/revisions"}],"predecessor-version":[{"id":5517,"href":"https:\/\/kartingagadir.com\/en\/wp-json\/wp\/v2\/pages\/4828\/revisions\/5517"}],"wp:attachment":[{"href":"https:\/\/kartingagadir.com\/en\/wp-json\/wp\/v2\/media?parent=4828"}],"curies":[{"name":"wp","href":"https:\/\/api.w.org\/{rel}","templated":true}]}}