{"id":4827,"date":"2018-09-10T02:24:42","date_gmt":"2018-09-10T02:24:42","guid":{"rendered":"https:\/\/demo2wpopal.b-cdn.net\/auros\/?page_id=12"},"modified":"2024-05-20T17:17:07","modified_gmt":"2024-05-20T15:17:07","slug":"faq","status":"publish","type":"page","link":"https:\/\/kartingagadir.com\/en\/faq\/","title":{"rendered":"FAQ"},"content":{"rendered":"<div data-elementor-type=\"wp-post\" data-elementor-id=\"4827\" class=\"elementor elementor-4827\">\n\t\t\t\t\t\t<section class=\"elementor-section elementor-top-section elementor-element elementor-element-bba43ed elementor-section-boxed elementor-section-height-default elementor-section-height-default\" data-id=\"bba43ed\" data-element_type=\"section\">\n\t\t\t\t\t\t<div class=\"elementor-container elementor-column-gap-no\">\n\t\t\t\t\t<div class=\"elementor-column elementor-col-100 elementor-top-column elementor-element elementor-element-e1d0703 animated-fast elementor-invisible\" data-id=\"e1d0703\" data-element_type=\"column\" data-settings=\"{&quot;animation&quot;:&quot;opal-move-up&quot;}\">\n\t\t\t<div class=\"elementor-widget-wrap elementor-element-populated\">\n\t\t\t\t\t\t<div class=\"elementor-element elementor-element-b4dbf8e elementor-widget elementor-widget-accordion\" data-id=\"b4dbf8e\" data-element_type=\"widget\" data-widget_type=\"accordion.default\">\n\t\t\t\t<div class=\"elementor-widget-container\">\n\t\t\t        <div class=\"elementor-accordion\" role=\"tablist\">\n                    <div class=\"elementor-accordion-item\">\n            <div id=\"elementor-tab-title-1891\" class=\"elementor-tab-title\" tabindex=\"1891\" data-tab=\"1\" role=\"tab\" aria-controls=\"elementor-tab-content-1891\">\n                        <span class=\"elementor-accordion-icon elementor-accordion-icon-left\" aria-hidden=\"true\">\n\t\t\t\t\t\t\t<i class=\"elementor-accordion-icon-closed fa fa-plus\"><\/i>\n\t\t\t\t\t\t\t<i class=\"elementor-accordion-icon-opened fa fa-minus\"><\/i>\n\t\t\t\t\t\t<\/span>\n                    General Questions            <\/div>\n            <div id=\"elementor-tab-content-1891\" class=\"elementor-tab-content elementor-clearfix\" data-tab=\"1\" role=\"tabpanel\" aria-labelledby=\"elementor-tab-title-1891\"><h3>General Questions<\/h3><p class=\" translation-block\">1.Can I go karting in sandals or flip-flops? No, for safety reasons, it is strictly prohibited to drive a kart in sandals, flip-flops, or open-toe shoes. We recommend wearing closed-toe and comfortable shoes.<\/p><p class=\" translation-block\">2. From what age can I ride on the adult track? Access to the adult track is generally reserved for individuals aged 12 and above, subject to a minimum height of 1.40 meters. Please check the specific conditions of our circuit.<\/p><p class=\" translation-block\">3.From what age are the children's karts open? Children's karts are available from the age of 5 onwards. We have specially adapted karts to ensure the safety and enjoyment of younger drivers.<\/p><p class=\" translation-block\">4.Is it mandatory to book in advance? We do not accept advance reservations. However, due to high demand during weekends and school holidays, we recommend arriving early to secure your time slot.<\/p><p>\u00a0<\/p><\/div>\n            <\/div>\n                    <div class=\"elementor-accordion-item\">\n            <div id=\"elementor-tab-title-1892\" class=\"elementor-tab-title\" tabindex=\"1892\" data-tab=\"2\" role=\"tab\" aria-controls=\"elementor-tab-content-1892\">\n                        <span class=\"elementor-accordion-icon elementor-accordion-icon-left\" aria-hidden=\"true\">\n\t\t\t\t\t\t\t<i class=\"elementor-accordion-icon-closed fa fa-plus\"><\/i>\n\t\t\t\t\t\t\t<i class=\"elementor-accordion-icon-opened fa fa-minus\"><\/i>\n\t\t\t\t\t\t<\/span>\n                    Safety and Equipment            <\/div>\n            <div id=\"elementor-tab-content-1892\" class=\"elementor-tab-content elementor-clearfix\" data-tab=\"2\" role=\"tabpanel\" aria-labelledby=\"elementor-tab-title-1892\"><h3>Safety and Equipment<\/h3><p class=\" translation-block\">5.What equipment is provided on-site? We provide helmets and racing suits for all participants. However, you are welcome to bring your own equipment as long as it meets our safety standards.<\/p><p><strong>6. Is training required before starting? No, specific training is not required. However, a mandatory safety briefing is given to all participants before each session to ensure everyone is familiar with the rules and safety instructions.<\/strong> Non, une formation sp\u00e9cifique n&rsquo;est pas n\u00e9cessaire. Cependant, un briefing de s\u00e9curit\u00e9 obligatoire est donn\u00e9 \u00e0 tous les participants avant chaque session pour s&rsquo;assurer que tout le monde conna\u00eet les r\u00e8gles et les consignes de s\u00e9curit\u00e9.<\/p><\/div>\n            <\/div>\n                    <div class=\"elementor-accordion-item\">\n            <div id=\"elementor-tab-title-1893\" class=\"elementor-tab-title\" tabindex=\"1893\" data-tab=\"3\" role=\"tab\" aria-controls=\"elementor-tab-content-1893\">\n                        <span class=\"elementor-accordion-icon elementor-accordion-icon-left\" aria-hidden=\"true\">\n\t\t\t\t\t\t\t<i class=\"elementor-accordion-icon-closed fa fa-plus\"><\/i>\n\t\t\t\t\t\t\t<i class=\"elementor-accordion-icon-opened fa fa-minus\"><\/i>\n\t\t\t\t\t\t<\/span>\n                    Prices and Conditions            <\/div>\n            <div id=\"elementor-tab-content-1893\" class=\"elementor-tab-content elementor-clearfix\" data-tab=\"3\" role=\"tabpanel\" aria-labelledby=\"elementor-tab-title-1893\"><h3>Prices and Conditions<\/h3><p><strong>7. What are the prices for a karting session? Prices vary depending on the duration of the session and the type of kart. For adults, prices typically start at 99 Dirhams per session. For children, rates start at 55 Dirhams. Please refer to our Rates page for more details.<\/strong> Les tarifs varient en fonction de la dur\u00e9e de la session et du type de kart. Pour les adultes, les prix commencent g\u00e9n\u00e9ralement \u00e0 99 Dirhams pour une session . Pour les enfants, les tarifs commencent \u00e0 55 Dirhams. Consultez notre page Tarifs pour plus de d\u00e9tails.<\/p><p class=\" translation-block\">8.Are there discounts for groups or events? Yes, we offer special rates for groups, companies, and private events such as birthdays. Please contact us for a personalized quote.<\/p><p>\u00a0<\/p><\/div>\n            <\/div>\n                    <div class=\"elementor-accordion-item\">\n            <div id=\"elementor-tab-title-1894\" class=\"elementor-tab-title\" tabindex=\"1894\" data-tab=\"4\" role=\"tab\" aria-controls=\"elementor-tab-content-1894\">\n                        <span class=\"elementor-accordion-icon elementor-accordion-icon-left\" aria-hidden=\"true\">\n\t\t\t\t\t\t\t<i class=\"elementor-accordion-icon-closed fa fa-plus\"><\/i>\n\t\t\t\t\t\t\t<i class=\"elementor-accordion-icon-opened fa fa-minus\"><\/i>\n\t\t\t\t\t\t<\/span>\n                    Track Experience            <\/div>\n            <div id=\"elementor-tab-content-1894\" class=\"elementor-tab-content elementor-clearfix\" data-tab=\"4\" role=\"tabpanel\" aria-labelledby=\"elementor-tab-title-1894\"><h3>Track Experience<\/h3><p class=\" translation-block\">9.How long does a karting session last? A karting session typically lasts from 5 minutes, depending on the chosen package. You can also book multiple sessions for an extended experience.<\/p><p class=\" translation-block\">10. Are sessions timed? Yes, all our sessions are timed. You'll be able to compare your times with those of other participants and strive to beat your own records!<\/p><p class=\" translation-block\">11. Can competitions be organized? Absolutely! We offer competition packages for groups, including qualifications, races, and podium finishes. It's a great option for team building events or outings with friends.<\/p><\/div>\n            <\/div>\n                <\/div>\n        \t\t<\/div>\n\t\t\t\t<\/div>\n\t\t\t\t\t<\/div>\n\t\t<\/div>\n\t\t\t\t\t<\/div>\n\t\t<\/section>\n\t\t\t\t<\/div>","protected":false},"excerpt":{"rendered":"<p>Questions G\u00e9n\u00e9rales Questions G\u00e9n\u00e9rales 1. Puis-je faire du kart en sandales ou tongs ? Non, pour des raisons de s\u00e9curit\u00e9, il est strictement interdit de conduire un kart en sandales, tongs ou chaussures ouvertes. Nous vous recommandons de porter des chaussures ferm\u00e9es et confortables. 2. A partir de quel \u00e2ge est-il possible de rouler sur &hellip; <\/p>\n<p class=\"link-more\"><a href=\"https:\/\/kartingagadir.com\/en\/faq\/\" class=\"more-link\">Read More <span class=\"screen-reader-text\"> \u00ab\u00a0FAQ\u00a0\u00bb<\/span><\/a><\/p>","protected":false},"author":1,"featured_media":0,"parent":0,"menu_order":0,"comment_status":"closed","ping_status":"closed","template":"","meta":{"footnotes":""},"class_list":["post-4827","page","type-page","status-publish","hentry"],"aioseo_notices":[],"_links":{"self":[{"href":"https:\/\/kartingagadir.com\/en\/wp-json\/wp\/v2\/pages\/4827","targetHints":{"allow":["GET"]}}],"collection":[{"href":"https:\/\/kartingagadir.com\/en\/wp-json\/wp\/v2\/pages"}],"about":[{"href":"https:\/\/kartingagadir.com\/en\/wp-json\/wp\/v2\/types\/page"}],"author":[{"embeddable":true,"href":"https:\/\/kartingagadir.com\/en\/wp-json\/wp\/v2\/users\/1"}],"replies":[{"embeddable":true,"href":"https:\/\/kartingagadir.com\/en\/wp-json\/wp\/v2\/comments?post=4827"}],"version-history":[{"count":27,"href":"https:\/\/kartingagadir.com\/en\/wp-json\/wp\/v2\/pages\/4827\/revisions"}],"predecessor-version":[{"id":6216,"href":"https:\/\/kartingagadir.com\/en\/wp-json\/wp\/v2\/pages\/4827\/revisions\/6216"}],"wp:attachment":[{"href":"https:\/\/kartingagadir.com\/en\/wp-json\/wp\/v2\/media?parent=4827"}],"curies":[{"name":"wp","href":"https:\/\/api.w.org\/{rel}","templated":true}]}}