{"id":19,"date":"2018-09-10T02:42:20","date_gmt":"2018-09-10T02:42:20","guid":{"rendered":"https:\/\/demo2wpopal.b-cdn.net\/auros\/?page_id=19"},"modified":"2025-03-25T16:52:26","modified_gmt":"2025-03-25T15:52:26","slug":"contact-us","status":"publish","type":"page","link":"https:\/\/kartingagadir.com\/en\/contact-us\/","title":{"rendered":"Contact Us"},"content":{"rendered":"<div data-elementor-type=\"wp-post\" data-elementor-id=\"19\" class=\"elementor elementor-19\">\n\t\t\t\t\t\t<section class=\"elementor-section elementor-top-section elementor-element elementor-element-64cf89e elementor-section-boxed elementor-section-height-default elementor-section-height-default\" data-id=\"64cf89e\" data-element_type=\"section\">\n\t\t\t\t\t\t<div class=\"elementor-container elementor-column-gap-no\">\n\t\t\t\t\t<div class=\"elementor-column elementor-col-50 elementor-top-column elementor-element elementor-element-d115863 animated-fast elementor-invisible\" data-id=\"d115863\" data-element_type=\"column\" data-settings=\"{&quot;animation&quot;:&quot;opal-move-right&quot;}\">\n\t\t\t<div class=\"elementor-widget-wrap elementor-element-populated\">\n\t\t\t\t\t\t<div class=\"elementor-element elementor-element-03ec63f elementor-widget elementor-widget-text-editor\" data-id=\"03ec63f\" data-element_type=\"widget\" data-widget_type=\"text-editor.default\">\n\t\t\t\t<div class=\"elementor-widget-container\">\n\t\t\t\t\t<div class=\"elementor-text-editor elementor-clearfix\"><p>contact<\/p><\/div>\n\t\t\t\t<\/div>\n\t\t\t\t<\/div>\n\t\t\t\t<div class=\"elementor-element elementor-element-993ee0e elementor-widget elementor-widget-heading\" data-id=\"993ee0e\" data-element_type=\"widget\" data-widget_type=\"heading.default\">\n\t\t\t\t<div class=\"elementor-widget-container\">\n\t\t\t<h2 class=\"elementor-heading-title elementor-size-default\">Infomation<\/h2>\t\t<\/div>\n\t\t\t\t<\/div>\n\t\t\t\t\t<\/div>\n\t\t<\/div>\n\t\t\t\t<div class=\"elementor-column elementor-col-50 elementor-top-column elementor-element elementor-element-a348646 animated-fast elementor-invisible\" data-id=\"a348646\" data-element_type=\"column\" data-settings=\"{&quot;animation&quot;:&quot;opal-move-left&quot;,&quot;animation_delay&quot;:200}\">\n\t\t\t<div class=\"elementor-widget-wrap elementor-element-populated\">\n\t\t\t\t\t\t<section class=\"elementor-section elementor-inner-section elementor-element elementor-element-e550d3b elementor-section-content-top elementor-section-boxed elementor-section-height-default elementor-section-height-default\" data-id=\"e550d3b\" data-element_type=\"section\">\n\t\t\t\t\t\t<div class=\"elementor-container elementor-column-gap-no\">\n\t\t\t\t\t<div class=\"elementor-column elementor-col-50 elementor-inner-column elementor-element elementor-element-071927a\" data-id=\"071927a\" data-element_type=\"column\">\n\t\t\t<div class=\"elementor-widget-wrap elementor-element-populated\">\n\t\t\t\t\t\t<div class=\"elementor-element elementor-element-70e095e elementor-widget elementor-widget-text-editor\" data-id=\"70e095e\" data-element_type=\"widget\" data-widget_type=\"text-editor.default\">\n\t\t\t\t<div class=\"elementor-widget-container\">\n\t\t\t\t\t<div class=\"elementor-text-editor elementor-clearfix\"><p><img fetchpriority=\"high\" decoding=\"async\" class=\"alignnone wp-image-6245 size-medium\" src=\"https:\/\/kartingagadir.com\/wp-content\/uploads\/2024\/05\/2-4-300x300.png\" alt=\"\" width=\"300\" height=\"300\" srcset=\"https:\/\/kartingagadir.com\/wp-content\/uploads\/2024\/05\/2-4-300x300.png 300w, https:\/\/kartingagadir.com\/wp-content\/uploads\/2024\/05\/2-4-1024x1024.png 1024w, https:\/\/kartingagadir.com\/wp-content\/uploads\/2024\/05\/2-4-150x150.png 150w, https:\/\/kartingagadir.com\/wp-content\/uploads\/2024\/05\/2-4-768x768.png 768w, https:\/\/kartingagadir.com\/wp-content\/uploads\/2024\/05\/2-4-400x400.png 400w, https:\/\/kartingagadir.com\/wp-content\/uploads\/2024\/05\/2-4-100x100.png 100w, https:\/\/kartingagadir.com\/wp-content\/uploads\/2024\/05\/2-4-600x600.png 600w, https:\/\/kartingagadir.com\/wp-content\/uploads\/2024\/05\/2-4.png 1080w\" sizes=\"(max-width: 300px) 100vw, 300px\" \/><\/p><\/div>\n\t\t\t\t<\/div>\n\t\t\t\t<\/div>\n\t\t\t\t\t<\/div>\n\t\t<\/div>\n\t\t\t\t<div class=\"elementor-column elementor-col-50 elementor-inner-column elementor-element elementor-element-9c0b5d3\" data-id=\"9c0b5d3\" data-element_type=\"column\">\n\t\t\t<div class=\"elementor-widget-wrap elementor-element-populated\">\n\t\t\t\t\t\t<div class=\"elementor-element elementor-element-6010340 elementor-widget elementor-widget-text-editor\" data-id=\"6010340\" data-element_type=\"widget\" data-widget_type=\"text-editor.default\">\n\t\t\t\t<div class=\"elementor-widget-container\">\n\t\t\t\t\t<div class=\"elementor-text-editor elementor-clearfix\"><p>Hay Mohammadi, Next to the new stadium -Agadir \u2013 Maroc<\/p><\/div>\n\t\t\t\t<\/div>\n\t\t\t\t<\/div>\n\t\t\t\t\t<\/div>\n\t\t<\/div>\n\t\t\t\t\t<\/div>\n\t\t<\/section>\n\t\t\t\t<section class=\"elementor-section elementor-inner-section elementor-element elementor-element-bd9aefa elementor-section-content-top elementor-section-boxed elementor-section-height-default elementor-section-height-default\" data-id=\"bd9aefa\" data-element_type=\"section\">\n\t\t\t\t\t\t<div class=\"elementor-container elementor-column-gap-no\">\n\t\t\t\t\t<div class=\"elementor-column elementor-col-50 elementor-inner-column elementor-element elementor-element-010bf4e\" data-id=\"010bf4e\" data-element_type=\"column\">\n\t\t\t<div class=\"elementor-widget-wrap elementor-element-populated\">\n\t\t\t\t\t\t<div class=\"elementor-element elementor-element-f3bc66a elementor-widget elementor-widget-text-editor\" data-id=\"f3bc66a\" data-element_type=\"widget\" data-widget_type=\"text-editor.default\">\n\t\t\t\t<div class=\"elementor-widget-container\">\n\t\t\t\t\t<div class=\"elementor-text-editor elementor-clearfix\"><p><img decoding=\"async\" class=\"alignnone wp-image-6243 size-medium\" src=\"https:\/\/kartingagadir.com\/wp-content\/uploads\/2024\/05\/4-3-300x300.png\" alt=\"\" width=\"300\" height=\"300\" srcset=\"https:\/\/kartingagadir.com\/wp-content\/uploads\/2024\/05\/4-3-300x300.png 300w, https:\/\/kartingagadir.com\/wp-content\/uploads\/2024\/05\/4-3-1024x1024.png 1024w, https:\/\/kartingagadir.com\/wp-content\/uploads\/2024\/05\/4-3-150x150.png 150w, https:\/\/kartingagadir.com\/wp-content\/uploads\/2024\/05\/4-3-768x768.png 768w, https:\/\/kartingagadir.com\/wp-content\/uploads\/2024\/05\/4-3-400x400.png 400w, https:\/\/kartingagadir.com\/wp-content\/uploads\/2024\/05\/4-3-100x100.png 100w, https:\/\/kartingagadir.com\/wp-content\/uploads\/2024\/05\/4-3-600x600.png 600w, https:\/\/kartingagadir.com\/wp-content\/uploads\/2024\/05\/4-3.png 1080w\" sizes=\"(max-width: 300px) 100vw, 300px\" \/><\/p><\/div>\n\t\t\t\t<\/div>\n\t\t\t\t<\/div>\n\t\t\t\t\t<\/div>\n\t\t<\/div>\n\t\t\t\t<div class=\"elementor-column elementor-col-50 elementor-inner-column elementor-element elementor-element-832c3ad\" data-id=\"832c3ad\" data-element_type=\"column\">\n\t\t\t<div class=\"elementor-widget-wrap elementor-element-populated\">\n\t\t\t\t\t\t<div class=\"elementor-element elementor-element-08c932f elementor-widget elementor-widget-text-editor\" data-id=\"08c932f\" data-element_type=\"widget\" data-widget_type=\"text-editor.default\">\n\t\t\t\t<div class=\"elementor-widget-container\">\n\t\t\t\t\t<div class=\"elementor-text-editor elementor-clearfix\"><p><a href=\"https:\/\/www.google.com\/search?q=karting+agadir&amp;rlz=1C5CHFA_enMA975MA975&amp;oq=karting+agadir&amp;gs_lcrp=EgZjaHJvbWUqCQgAEEUYOxiABDIJCAAQRRg7GIAEMgYIARBFGDsyBggCECMYJzIGCAMQIxgnMgwIBBAAGBQYhwIYgAQyBwgFEAAYgAQyBggGEEUYPDIGCAcQRRg80gEIMzM3MWowajeoAgCwAgA&amp;sourceid=chrome&amp;ie=UTF-8&amp;lqi=Cg5rYXJ0aW5nIGFnYWRpckjj2M3xoK6AgAhaHBAAGAAYASIOa2FydGluZyBhZ2FkaXIqBAgCEACSAQ5hbXVzZW1lbnRfcGFya6oBNxABMh8QASIbmJ6baLK-QazPuENhQytKXOzRzzr26tbuziWOMhIQAiIOa2FydGluZyBhZ2FkaXI#\" data-dtype=\"d3ph\" data-local-attribute=\"d3ph\" data-ved=\"2ahUKEwijv6mJvIqGAxWXBtsEHQ_IAPQQkAgoAHoECBQQAw\"><span aria-label=\"Appeler le +212 5288-30702\">+212 528 23 07 02\u00a0 \/ <\/span><\/a><a href=\"https:\/\/wa.me\/212604838234\" target=\"_blank\" rel=\"noopener\">+212 604 83 82 34<\/a><\/p><\/div>\n\t\t\t\t<\/div>\n\t\t\t\t<\/div>\n\t\t\t\t\t<\/div>\n\t\t<\/div>\n\t\t\t\t\t<\/div>\n\t\t<\/section>\n\t\t\t\t<section class=\"elementor-section elementor-inner-section elementor-element elementor-element-ea3ad31 elementor-section-content-top elementor-section-boxed elementor-section-height-default elementor-section-height-default\" data-id=\"ea3ad31\" data-element_type=\"section\">\n\t\t\t\t\t\t<div class=\"elementor-container elementor-column-gap-no\">\n\t\t\t\t\t<div class=\"elementor-column elementor-col-50 elementor-inner-column elementor-element elementor-element-f9ac6d2\" data-id=\"f9ac6d2\" data-element_type=\"column\">\n\t\t\t<div class=\"elementor-widget-wrap elementor-element-populated\">\n\t\t\t\t\t\t<div class=\"elementor-element elementor-element-caf46a8 elementor-widget elementor-widget-text-editor\" data-id=\"caf46a8\" data-element_type=\"widget\" data-widget_type=\"text-editor.default\">\n\t\t\t\t<div class=\"elementor-widget-container\">\n\t\t\t\t\t<div class=\"elementor-text-editor elementor-clearfix\"><p><img decoding=\"async\" class=\"alignnone wp-image-6244 size-medium\" src=\"https:\/\/kartingagadir.com\/wp-content\/uploads\/2024\/05\/3-5-300x300.png\" alt=\"\" width=\"300\" height=\"300\" srcset=\"https:\/\/kartingagadir.com\/wp-content\/uploads\/2024\/05\/3-5-300x300.png 300w, https:\/\/kartingagadir.com\/wp-content\/uploads\/2024\/05\/3-5-1024x1024.png 1024w, https:\/\/kartingagadir.com\/wp-content\/uploads\/2024\/05\/3-5-150x150.png 150w, https:\/\/kartingagadir.com\/wp-content\/uploads\/2024\/05\/3-5-768x768.png 768w, https:\/\/kartingagadir.com\/wp-content\/uploads\/2024\/05\/3-5-400x400.png 400w, https:\/\/kartingagadir.com\/wp-content\/uploads\/2024\/05\/3-5-100x100.png 100w, https:\/\/kartingagadir.com\/wp-content\/uploads\/2024\/05\/3-5-600x600.png 600w, https:\/\/kartingagadir.com\/wp-content\/uploads\/2024\/05\/3-5.png 1080w\" sizes=\"(max-width: 300px) 100vw, 300px\" \/><\/p><\/div>\n\t\t\t\t<\/div>\n\t\t\t\t<\/div>\n\t\t\t\t\t<\/div>\n\t\t<\/div>\n\t\t\t\t<div class=\"elementor-column elementor-col-50 elementor-inner-column elementor-element elementor-element-423158e\" data-id=\"423158e\" data-element_type=\"column\">\n\t\t\t<div class=\"elementor-widget-wrap elementor-element-populated\">\n\t\t\t\t\t\t<div class=\"elementor-element elementor-element-765ff28 elementor-mobile-align-left elementor-widget elementor-widget-button\" data-id=\"765ff28\" data-element_type=\"widget\" data-widget_type=\"button.default\">\n\t\t\t\t<div class=\"elementor-widget-container\">\n\t\t\t\t\t\t\t<div class=\"elementor-button-wrapper\">\n\t\t\t\t\t<a class=\"elementor-button elementor-button-link elementor-size-sm\" href=\"#\">\n\t\t\t\t\t\t<span class=\"elementor-button-content-wrapper\">\n\t\t\t\t\t\t\t\t\t<span class=\"elementor-button-text\">commercial@kartingagadir.com<\/span>\n\t\t\t\t\t<\/span>\n\t\t\t\t\t<\/a>\n\t\t\t\t<\/div>\n\t\t\t\t\t\t<\/div>\n\t\t\t\t<\/div>\n\t\t\t\t\t<\/div>\n\t\t<\/div>\n\t\t\t\t\t<\/div>\n\t\t<\/section>\n\t\t\t\t\t<\/div>\n\t\t<\/div>\n\t\t\t\t\t<\/div>\n\t\t<\/section>\n\t\t\t\t<section class=\"elementor-section elementor-top-section elementor-element elementor-element-b143fc6 elementor-section-boxed elementor-section-height-default elementor-section-height-default\" data-id=\"b143fc6\" data-element_type=\"section\">\n\t\t\t\t\t\t<div class=\"elementor-container elementor-column-gap-no\">\n\t\t\t\t\t<div class=\"elementor-column elementor-col-50 elementor-top-column elementor-element elementor-element-effc263 animated-fast elementor-invisible\" data-id=\"effc263\" data-element_type=\"column\" data-settings=\"{&quot;animation&quot;:&quot;opal-move-right&quot;}\">\n\t\t\t<div class=\"elementor-widget-wrap elementor-element-populated\">\n\t\t\t\t\t\t<div class=\"elementor-element elementor-element-6800666 elementor-widget elementor-widget-text-editor\" data-id=\"6800666\" data-element_type=\"widget\" data-widget_type=\"text-editor.default\">\n\t\t\t\t<div class=\"elementor-widget-container\">\n\t\t\t\t\t<div class=\"elementor-text-editor elementor-clearfix\"><p>LOCALISATION<\/p><\/div>\n\t\t\t\t<\/div>\n\t\t\t\t<\/div>\n\t\t\t\t<div class=\"elementor-element elementor-element-3e6aed7 elementor-widget elementor-widget-heading\" data-id=\"3e6aed7\" data-element_type=\"widget\" data-widget_type=\"heading.default\">\n\t\t\t\t<div class=\"elementor-widget-container\">\n\t\t\t<h2 class=\"elementor-heading-title elementor-size-default\">JOIN US !<\/h2>\t\t<\/div>\n\t\t\t\t<\/div>\n\t\t\t\t\t<\/div>\n\t\t<\/div>\n\t\t\t\t<div class=\"elementor-column elementor-col-50 elementor-top-column elementor-element elementor-element-cfa0893 animated-fast elementor-invisible\" data-id=\"cfa0893\" data-element_type=\"column\" data-settings=\"{&quot;animation&quot;:&quot;opal-move-left&quot;,&quot;animation_delay&quot;:200}\">\n\t\t\t<div class=\"elementor-widget-wrap elementor-element-populated\">\n\t\t\t\t\t\t<section class=\"elementor-section elementor-inner-section elementor-element elementor-element-0ae1eff elementor-section-content-top elementor-section-boxed elementor-section-height-default elementor-section-height-default\" data-id=\"0ae1eff\" data-element_type=\"section\">\n\t\t\t\t\t\t<div class=\"elementor-container elementor-column-gap-no\">\n\t\t\t\t\t<div class=\"elementor-column elementor-col-100 elementor-inner-column elementor-element elementor-element-3acc49e\" data-id=\"3acc49e\" data-element_type=\"column\">\n\t\t\t<div class=\"elementor-widget-wrap elementor-element-populated\">\n\t\t\t\t\t\t<div class=\"elementor-element elementor-element-2ea32f2 elementor-widget elementor-widget-google_maps\" data-id=\"2ea32f2\" data-element_type=\"widget\" data-widget_type=\"google_maps.default\">\n\t\t\t\t<div class=\"elementor-widget-container\">\n\t\t\t\t\t<div class=\"elementor-custom-embed\">\n\t\t\t<iframe loading=\"lazy\"\n\t\t\t\t\tsrc=\"https:\/\/maps.google.com\/maps?q=karting%20agadir&#038;t=m&#038;z=14&#038;output=embed&#038;iwloc=near\"\n\t\t\t\t\ttitle=\"karting agadir\"\n\t\t\t\t\taria-label=\"karting agadir\"\n\t\t\t><\/iframe>\n\t\t<\/div>\n\t\t\t\t<\/div>\n\t\t\t\t<\/div>\n\t\t\t\t\t<\/div>\n\t\t<\/div>\n\t\t\t\t\t<\/div>\n\t\t<\/section>\n\t\t\t\t\t<\/div>\n\t\t<\/div>\n\t\t\t\t\t<\/div>\n\t\t<\/section>\n\t\t\t\t<section class=\"elementor-section elementor-top-section elementor-element elementor-element-da299af elementor-section-boxed elementor-section-height-default elementor-section-height-default\" data-id=\"da299af\" data-element_type=\"section\">\n\t\t\t\t\t\t<div class=\"elementor-container elementor-column-gap-no\">\n\t\t\t\t\t<div class=\"elementor-column elementor-col-50 elementor-top-column elementor-element elementor-element-53dc52d elementor-invisible\" data-id=\"53dc52d\" data-element_type=\"column\" data-settings=\"{&quot;animation&quot;:&quot;opal-move-right&quot;}\">\n\t\t\t<div class=\"elementor-widget-wrap elementor-element-populated\">\n\t\t\t\t\t\t<div class=\"elementor-element elementor-element-099c74a elementor-widget elementor-widget-text-editor\" data-id=\"099c74a\" data-element_type=\"widget\" data-widget_type=\"text-editor.default\">\n\t\t\t\t<div class=\"elementor-widget-container\">\n\t\t\t\t\t<div class=\"elementor-text-editor elementor-clearfix\"><p>contact<\/p><\/div>\n\t\t\t\t<\/div>\n\t\t\t\t<\/div>\n\t\t\t\t<div class=\"elementor-element elementor-element-877d7e2 elementor-widget elementor-widget-heading\" data-id=\"877d7e2\" data-element_type=\"widget\" data-widget_type=\"heading.default\">\n\t\t\t\t<div class=\"elementor-widget-container\">\n\t\t\t<h2 class=\"elementor-heading-title elementor-size-default\">SEE YOU SOON !<\/h2>\t\t<\/div>\n\t\t\t\t<\/div>\n\t\t\t\t\t<\/div>\n\t\t<\/div>\n\t\t\t\t<div class=\"elementor-column elementor-col-50 elementor-top-column elementor-element elementor-element-e94a58d animated-fast elementor-invisible\" data-id=\"e94a58d\" data-element_type=\"column\" data-settings=\"{&quot;animation&quot;:&quot;opal-move-left&quot;,&quot;animation_delay&quot;:200}\">\n\t\t\t<div class=\"elementor-widget-wrap elementor-element-populated\">\n\t\t\t\t\t\t<div class=\"elementor-element elementor-element-ccb37a1 elementor-widget elementor-widget-opal-contactform7\" data-id=\"ccb37a1\" data-element_type=\"widget\" data-widget_type=\"opal-contactform7.default\">\n\t\t\t\t<div class=\"elementor-widget-container\">\n\t\t\t\n<div class=\"wpcf7 no-js\" id=\"wpcf7-f4823-o1\" lang=\"en-US\" dir=\"ltr\" data-wpcf7-id=\"4823\">\n<div class=\"screen-reader-response\"><p role=\"status\" aria-live=\"polite\" aria-atomic=\"true\"><\/p> <ul><\/ul><\/div>\n<form action=\"\/wp-json\/wp\/v2\/pages\/19\" method=\"post\" class=\"wpcf7-form init\" aria-label=\"Contact form\" novalidate=\"novalidate\" data-status=\"init\" data-trp-original-action=\"\/en\/wp-json\/wp\/v2\/pages\/19#wpcf7-f4823-o1\">\n<div style=\"display: none;\">\n<input type=\"hidden\" name=\"_wpcf7\" value=\"4823\" \/>\n<input type=\"hidden\" name=\"_wpcf7_version\" value=\"6.0.1\" \/>\n<input type=\"hidden\" name=\"_wpcf7_locale\" value=\"en_US\" \/>\n<input type=\"hidden\" name=\"_wpcf7_unit_tag\" value=\"wpcf7-f4823-o1\" \/>\n<input type=\"hidden\" name=\"_wpcf7_container_post\" value=\"0\" \/>\n<input type=\"hidden\" name=\"_wpcf7_posted_data_hash\" value=\"\" \/>\n<\/div>\n<p><label> Your name<br \/>\n<span class=\"wpcf7-form-control-wrap\" data-name=\"your-name\"><input size=\"40\" maxlength=\"400\" class=\"wpcf7-form-control wpcf7-text wpcf7-validates-as-required\" autocomplete=\"name\" aria-required=\"true\" aria-invalid=\"false\" value=\"\" type=\"text\" name=\"your-name\" \/><\/span><br \/>\n<\/label>\n<\/p>\n<p><label> Your email<br \/>\n<span class=\"wpcf7-form-control-wrap\" data-name=\"your-email\"><input size=\"40\" maxlength=\"400\" class=\"wpcf7-form-control wpcf7-email wpcf7-validates-as-required wpcf7-text wpcf7-validates-as-email\" autocomplete=\"email\" aria-required=\"true\" aria-invalid=\"false\" value=\"\" type=\"email\" name=\"your-email\" \/><\/span><br \/>\n<\/label>\n<\/p>\n<p><label> Subject<br \/>\n<span class=\"wpcf7-form-control-wrap\" data-name=\"your-subject\"><input size=\"40\" maxlength=\"400\" class=\"wpcf7-form-control wpcf7-text wpcf7-validates-as-required\" aria-required=\"true\" aria-invalid=\"false\" value=\"\" type=\"text\" name=\"your-subject\" \/><\/span><br \/>\n<\/label>\n<\/p>\n<p><label> Your message (optional)<br \/>\n<span class=\"wpcf7-form-control-wrap\" data-name=\"your-message\"><textarea cols=\"40\" rows=\"10\" maxlength=\"2000\" class=\"wpcf7-form-control wpcf7-textarea\" aria-invalid=\"false\" name=\"your-message\"><\/textarea><\/span><br \/>\n<\/label>\n<\/p>\n<p><label> Enter the code:<br \/>\n<input type=\"hidden\" name=\"_wpcf7_captcha_challenge_captcha-1\" value=\"2406186680\" \/><img loading=\"lazy\" decoding=\"async\" class=\"wpcf7-form-control wpcf7-captchac wpcf7-captcha-captcha-1\" width=\"72\" height=\"24\" alt=\"captcha\" src=\"https:\/\/kartingagadir.com\/wp-content\/uploads\/wpcf7_captcha\/2406186680.png\" \/><br \/>\n<\/label>\n<\/p>\n<p><label> Copy the code:<br \/>\n<span class=\"wpcf7-form-control-wrap\" data-name=\"captcha-1\"><input size=\"40\" maxlength=\"400\" class=\"wpcf7-form-control wpcf7-text wpcf7-validates-as-required\" aria-required=\"true\" aria-invalid=\"false\" value=\"\" type=\"text\" name=\"captcha-1\" \/><\/span><br \/>\n<\/label>\n<\/p>\n<p><input class=\"wpcf7-form-control wpcf7-submit has-spinner\" type=\"submit\" value=\"Submit\" \/>\n<\/p><p style=\"display: none !important;\" class=\"akismet-fields-container\" data-prefix=\"_wpcf7_ak_\"><label>&#916;<textarea name=\"_wpcf7_ak_hp_textarea\" cols=\"45\" rows=\"8\" maxlength=\"100\"><\/textarea><\/label><input type=\"hidden\" id=\"ak_js_1\" name=\"_wpcf7_ak_js\" value=\"91\"\/><script>document.getElementById( \"ak_js_1\" ).setAttribute( \"value\", ( new Date() ).getTime() );<\/script><\/p><div class=\"wpcf7-response-output\" aria-hidden=\"true\"><\/div>\n<input type=\"hidden\" name=\"trp-form-language\" value=\"en\"\/><\/form>\n<\/div>\n\t\t<\/div>\n\t\t\t\t<\/div>\n\t\t\t\t\t<\/div>\n\t\t<\/div>\n\t\t\t\t\t<\/div>\n\t\t<\/section>\n\t\t\t\t<\/div>","protected":false},"excerpt":{"rendered":"<p>contact Infomation Hay Mohammadi, \u00e0 c\u00f4t\u00e9 du nouveau Stade -Agadir \u2013 Maroc +212 528 23 07 02\u00a0 \/ +212 604 83 82 34 commercial@kartingagadir.com LOCALISATION NOUS TROUVER contact \u00c0 bient\u00f4t Your name Your email Subject Your message (optional) Enter the code: Copy the code: &#916;<\/p>","protected":false},"author":1,"featured_media":0,"parent":0,"menu_order":0,"comment_status":"closed","ping_status":"closed","template":"","meta":{"_monsterinsights_skip_tracking":false,"_monsterinsights_sitenote_active":false,"_monsterinsights_sitenote_note":"","_monsterinsights_sitenote_category":0,"footnotes":""},"class_list":["post-19","page","type-page","status-publish","hentry"],"aioseo_notices":[],"_links":{"self":[{"href":"https:\/\/kartingagadir.com\/en\/wp-json\/wp\/v2\/pages\/19","targetHints":{"allow":["GET"]}}],"collection":[{"href":"https:\/\/kartingagadir.com\/en\/wp-json\/wp\/v2\/pages"}],"about":[{"href":"https:\/\/kartingagadir.com\/en\/wp-json\/wp\/v2\/types\/page"}],"author":[{"embeddable":true,"href":"https:\/\/kartingagadir.com\/en\/wp-json\/wp\/v2\/users\/1"}],"replies":[{"embeddable":true,"href":"https:\/\/kartingagadir.com\/en\/wp-json\/wp\/v2\/comments?post=19"}],"version-history":[{"count":33,"href":"https:\/\/kartingagadir.com\/en\/wp-json\/wp\/v2\/pages\/19\/revisions"}],"predecessor-version":[{"id":6984,"href":"https:\/\/kartingagadir.com\/en\/wp-json\/wp\/v2\/pages\/19\/revisions\/6984"}],"wp:attachment":[{"href":"https:\/\/kartingagadir.com\/en\/wp-json\/wp\/v2\/media?parent=19"}],"curies":[{"name":"wp","href":"https:\/\/api.w.org\/{rel}","templated":true}]}}